{"id":3027,"date":"2025-07-15T15:46:35","date_gmt":"2025-07-15T15:46:35","guid":{"rendered":"https:\/\/hoggarshop.com\/?post_type=product&#038;p=3027"},"modified":"2025-07-19T09:50:45","modified_gmt":"2025-07-19T09:50:45","slug":"test","status":"publish","type":"product","link":"https:\/\/hoggarshop.com\/ar\/product\/test\/","title":{"rendered":"Sorbeti\u00e8re Et Yaourti\u00e8re \u00c9lectrique 1.5l 150w Proficook\u00ae"},"content":{"rendered":"<ul>\n<li>\u00a02 en 1: cr\u00e8me glac\u00e9e et yaourti\u00e8re<\/li>\n<li>Pour la pr\u00e9paration de glace, yaourt glac\u00e9, sorbet et yaourt nature<\/li>\n<li>Bo\u00eetier en acier inoxydable<\/li>\n<li>\u00c9cran LCD de haute qualit\u00e9 (noir \/ blanc)<\/li>\n<li>Minuterie num\u00e9rique<\/li>\n<li>R\u00e9glage de la dur\u00e9e variable (1-60 min.)<\/li>\n<li>Temps de pr\u00e9paration: 20-25 min. *)<\/li>\n<li>Pour jusqu&rsquo;\u00e0 1500 ml de cr\u00e8me glac\u00e9e \/ yaourt<\/li>\n<li>Syst\u00e8me de contr\u00f4le \u00e9lectronique (START \/ STOP)<\/li>\n<li>Refroidissement automatique gr\u00e2ce \u00e0 un compresseur professionnel int\u00e9gr\u00e9<\/li>\n<li>Couvercle transparent avec ouverture de recharge<\/li>\n<li>Incl. suggestions de recettes<\/li>\n<li>Sorbeti\u00e8re amovible pour un nettoyage facile (H: 14,5 cm; \u00d8 14,5 cm)<\/li>\n<li>\u00c9l\u00e9ment d&rsquo;agitation avec moteur puissant et silencieux<\/li>\n<li>Haute stabilit\u00e9 gr\u00e2ce aux pieds caoutchout\u00e9s<\/li>\n<li>Incl. cuill\u00e8re et tasse \u00e0 mesurer<\/li>\n<li>220-240 V, 50 Hz, 150 W<\/li>\n<\/ul>\n<section id=\"wrapper\">\n<div class=\"container\">\n<div class=\"row\">\n<div id=\"content-wrapper\" class=\"col-lg-12 col-xs-12\">\n<section id=\"main\" class=\"product-detail proficook_product_page product-image-thumbs product-thumbs-bottom\">\n<div class=\"row\">\n<div class=\"col-form_id-form_4666379129988496 col-md-12 col-lg-12 col-xl-12 col-sm-12 col-xs-12 col-sp-12\">\n<div class=\"product-tabs tabs\">\n<div id=\"tab-content\" class=\"tab-content\">\n<div id=\"description\" class=\"tab-pane fade active in\" role=\"tabpanel\" aria-expanded=\"true\">\n<div class=\"product-description\">\n<p>* Pour la cr\u00e8me glac\u00e9e<\/p>\n<ul>\n<li><strong>Garantie : 12 Mois<\/strong><\/li>\n<\/ul>\n<\/div>\n<\/div>\n<\/div>\n<\/div>\n<\/div>\n<\/div>\n<footer class=\"page-footer\"><\/footer>\n<\/section>\n<\/div>\n<\/div>\n<\/div>\n<\/section>\n<footer id=\"footer\" class=\"footer-container\">\n<div class=\"footer-top\">\n<div class=\"container\">\n<div class=\"inner\">\n<div class=\"row ApRow\">\n<div class=\"col-xl-12 col-lg-12 col-md-12 col-sm-12 col-xs-12 col-sp-12 ApColumn\">\n<div class=\"homereassurance_container\"><\/div>\n<\/div>\n<\/div>\n<\/div>\n<\/div>\n<\/div>\n<\/footer>","protected":false},"excerpt":{"rendered":"<div class=\"a-popover-wrapper\">\n<div id=\"a-popover-content-1\" class=\"a-popover-inner\">Jusqu&rsquo;\u00e0 1500 ml de cr\u00e8me glac\u00e9e <span id=\"productTitle\" class=\"a-size-large product-title-word-break\">\u2013<\/span> yaourt, Pour la pr\u00e9paration de glace, yaourt, yaourt congel\u00e9 et sorbet, Refroidissement enti\u00e8rement automatique, Comprend des recettes sugg\u00e9r\u00e9es, Temps de pr\u00e9paration : 20-25 minutes<\/div>\n<\/div>\n<div>\n<p><strong>Garantie : 12 Mois<\/strong><\/p>\n<\/div>","protected":false},"featured_media":3047,"comment_status":"open","ping_status":"closed","template":"","meta":{"pagelayer_contact_templates":[],"_pagelayer_content":"","site-sidebar-layout":"default","site-content-layout":"","ast-site-content-layout":"default","site-content-style":"default","site-sidebar-style":"default","ast-global-header-display":"","ast-banner-title-visibility":"","ast-main-header-display":"","ast-hfb-above-header-display":"","ast-hfb-below-header-display":"","ast-hfb-mobile-header-display":"","site-post-title":"","ast-breadcrumbs-content":"","ast-featured-img":"","footer-sml-layout":"","theme-transparent-header-meta":"default","adv-header-id-meta":"","stick-header-meta":"","header-above-stick-meta":"","header-main-stick-meta":"","header-below-stick-meta":"","astra-migrate-meta-layouts":"set","ast-page-background-enabled":"default","ast-page-background-meta":{"desktop":{"background-color":"","background-image":"","background-repeat":"repeat","background-position":"center center","background-size":"auto","background-attachment":"scroll","background-type":"","background-media":"","overlay-type":"","overlay-color":"","overlay-opacity":"","overlay-gradient":""},"tablet":{"background-color":"","background-image":"","background-repeat":"repeat","background-position":"center center","background-size":"auto","background-attachment":"scroll","background-type":"","background-media":"","overlay-type":"","overlay-color":"","overlay-opacity":"","overlay-gradient":""},"mobile":{"background-color":"","background-image":"","background-repeat":"repeat","background-position":"center center","background-size":"auto","background-attachment":"scroll","background-type":"","background-media":"","overlay-type":"","overlay-color":"","overlay-opacity":"","overlay-gradient":""}},"ast-content-background-meta":{"desktop":{"background-color":"var(--ast-global-color-5)","background-image":"","background-repeat":"repeat","background-position":"center center","background-size":"auto","background-attachment":"scroll","background-type":"","background-media":"","overlay-type":"","overlay-color":"","overlay-opacity":"","overlay-gradient":""},"tablet":{"background-color":"var(--ast-global-color-5)","background-image":"","background-repeat":"repeat","background-position":"center center","background-size":"auto","background-attachment":"scroll","background-type":"","background-media":"","overlay-type":"","overlay-color":"","overlay-opacity":"","overlay-gradient":""},"mobile":{"background-color":"var(--ast-global-color-5)","background-image":"","background-repeat":"repeat","background-position":"center center","background-size":"auto","background-attachment":"scroll","background-type":"","background-media":"","overlay-type":"","overlay-color":"","overlay-opacity":"","overlay-gradient":""}}},"product_brand":[],"product_cat":[15,58],"product_tag":[],"class_list":{"0":"post-3027","1":"product","2":"type-product","3":"status-publish","4":"has-post-thumbnail","6":"product_cat-uncategorized","7":"product_cat-petit-electromenager","8":"desktop-align-left","9":"tablet-align-left","10":"mobile-align-left","12":"first","13":"instock","14":"shipping-taxable","15":"purchasable","16":"product-type-simple"},"_links":{"self":[{"href":"https:\/\/hoggarshop.com\/ar\/wp-json\/wp\/v2\/product\/3027","targetHints":{"allow":["GET"]}}],"collection":[{"href":"https:\/\/hoggarshop.com\/ar\/wp-json\/wp\/v2\/product"}],"about":[{"href":"https:\/\/hoggarshop.com\/ar\/wp-json\/wp\/v2\/types\/product"}],"replies":[{"embeddable":true,"href":"https:\/\/hoggarshop.com\/ar\/wp-json\/wp\/v2\/comments?post=3027"}],"wp:featuredmedia":[{"embeddable":true,"href":"https:\/\/hoggarshop.com\/ar\/wp-json\/wp\/v2\/media\/3047"}],"wp:attachment":[{"href":"https:\/\/hoggarshop.com\/ar\/wp-json\/wp\/v2\/media?parent=3027"}],"wp:term":[{"taxonomy":"product_brand","embeddable":true,"href":"https:\/\/hoggarshop.com\/ar\/wp-json\/wp\/v2\/product_brand?post=3027"},{"taxonomy":"product_cat","embeddable":true,"href":"https:\/\/hoggarshop.com\/ar\/wp-json\/wp\/v2\/product_cat?post=3027"},{"taxonomy":"product_tag","embeddable":true,"href":"https:\/\/hoggarshop.com\/ar\/wp-json\/wp\/v2\/product_tag?post=3027"}],"curies":[{"name":"wp","href":"https:\/\/api.w.org\/{rel}","templated":true}]}}