{"id":2241,"date":"2025-06-05T16:19:52","date_gmt":"2025-06-05T16:19:52","guid":{"rendered":"https:\/\/hoggarshop.com\/?post_type=product&#038;p=2241"},"modified":"2025-07-19T11:28:33","modified_gmt":"2025-07-19T11:28:33","slug":"clatronic-kb-3714-portable","status":"publish","type":"product","link":"https:\/\/hoggarshop.com\/ar\/product\/clatronic-kb-3714-portable\/","title":{"rendered":"Machine \u00c0 Gla\u00e7ons 1,5L INOX Proficook\u00ae"},"content":{"rendered":"<p>Machine \u00e0 gla\u00e7ons compacte sans installation complexe pour une fabrication rapide et facile de gla\u00e7ons par simple pression d&rsquo;un bouton. Id\u00e9al pour le camping, le bureau, la cuisine ou le bar de la maison.<\/p>\n<p>Pas d&rsquo;alimentation suppl\u00e9mentaire n\u00e9cessaire (directement pr\u00eat \u00e0 l&#8217;emploi). R\u00e9servoir d&rsquo;eau int\u00e9gr\u00e9 (1,5 litre). Gla\u00e7ons d\u00e9j\u00e0 apr\u00e8s 10 minutes environ. 8 \u00e0 12 kg de gla\u00e7ons en 24 heures. 2 tailles de gla\u00e7ons au choix (petit\/grand) Affichage LED et signal sonore lorsque le bac \u00e0 gla\u00e7ons est plein ou le r\u00e9servoir d&rsquo;eau vide Mode \u00e9conomie d&rsquo;\u00e9nergie ECO Save<\/p>\n<p>Arr\u00eat automatique lorsque le r\u00e9servoir est plein Programme de nettoyage<\/p>\n<p>Syst\u00e8me de rin\u00e7age hygi\u00e9nique \u00e0 l&rsquo;eau propre Commande \u00e9lectronique avec 6 voyants lumineux Contr\u00f4le visuel par fen\u00eatre de visualisation dans le couvercle<\/p>\n<div class=\"woocommerce-product-details__short-description\">\n<div>\n<p><strong>Garantie : 12 Mois<\/strong><\/p>\n<\/div>\n<\/div>","protected":false},"excerpt":{"rendered":"<p><span class=\"a-list-item\">Faites-vous plaisir et vos invit\u00e9s avec les gla\u00e7ons fabriqu\u00e9s rapidement et facilement de la machine \u00e0 gla\u00e7ons ProfiCook \u2013 <\/span><span class=\"a-list-item\">Aucune installation fastidieuse n\u00e9cessaire &#8211; Le r\u00e9servoir d&rsquo;eau int\u00e9gr\u00e9 du rail \u00e0 gla\u00e7ons d&rsquo;une capacit\u00e9 de 1,5 litre le rend possible<\/span><\/p>\n<div class=\"woocommerce-product-details__short-description\">\n<div>\n<p><strong>Garantie : 12 Mois<\/strong><\/p>\n<\/div>\n<\/div>","protected":false},"featured_media":3070,"comment_status":"open","ping_status":"closed","template":"","meta":{"pagelayer_contact_templates":[],"_pagelayer_content":"","site-sidebar-layout":"default","site-content-layout":"","ast-site-content-layout":"default","site-content-style":"default","site-sidebar-style":"default","ast-global-header-display":"","ast-banner-title-visibility":"","ast-main-header-display":"","ast-hfb-above-header-display":"","ast-hfb-below-header-display":"","ast-hfb-mobile-header-display":"","site-post-title":"","ast-breadcrumbs-content":"","ast-featured-img":"","footer-sml-layout":"","theme-transparent-header-meta":"default","adv-header-id-meta":"","stick-header-meta":"","header-above-stick-meta":"","header-main-stick-meta":"","header-below-stick-meta":"","astra-migrate-meta-layouts":"set","ast-page-background-enabled":"default","ast-page-background-meta":{"desktop":{"background-color":"","background-image":"","background-repeat":"repeat","background-position":"center center","background-size":"auto","background-attachment":"scroll","background-type":"","background-media":"","overlay-type":"","overlay-color":"","overlay-opacity":"","overlay-gradient":""},"tablet":{"background-color":"","background-image":"","background-repeat":"repeat","background-position":"center center","background-size":"auto","background-attachment":"scroll","background-type":"","background-media":"","overlay-type":"","overlay-color":"","overlay-opacity":"","overlay-gradient":""},"mobile":{"background-color":"","background-image":"","background-repeat":"repeat","background-position":"center center","background-size":"auto","background-attachment":"scroll","background-type":"","background-media":"","overlay-type":"","overlay-color":"","overlay-opacity":"","overlay-gradient":""}},"ast-content-background-meta":{"desktop":{"background-color":"var(--ast-global-color-5)","background-image":"","background-repeat":"repeat","background-position":"center center","background-size":"auto","background-attachment":"scroll","background-type":"","background-media":"","overlay-type":"","overlay-color":"","overlay-opacity":"","overlay-gradient":""},"tablet":{"background-color":"var(--ast-global-color-5)","background-image":"","background-repeat":"repeat","background-position":"center center","background-size":"auto","background-attachment":"scroll","background-type":"","background-media":"","overlay-type":"","overlay-color":"","overlay-opacity":"","overlay-gradient":""},"mobile":{"background-color":"var(--ast-global-color-5)","background-image":"","background-repeat":"repeat","background-position":"center center","background-size":"auto","background-attachment":"scroll","background-type":"","background-media":"","overlay-type":"","overlay-color":"","overlay-opacity":"","overlay-gradient":""}}},"product_brand":[],"product_cat":[58],"product_tag":[],"class_list":{"0":"post-2241","1":"product","2":"type-product","3":"status-publish","4":"has-post-thumbnail","6":"product_cat-petit-electromenager","7":"desktop-align-left","8":"tablet-align-left","9":"mobile-align-left","11":"first","12":"instock","13":"shipping-taxable","14":"purchasable","15":"product-type-simple"},"_links":{"self":[{"href":"https:\/\/hoggarshop.com\/ar\/wp-json\/wp\/v2\/product\/2241","targetHints":{"allow":["GET"]}}],"collection":[{"href":"https:\/\/hoggarshop.com\/ar\/wp-json\/wp\/v2\/product"}],"about":[{"href":"https:\/\/hoggarshop.com\/ar\/wp-json\/wp\/v2\/types\/product"}],"replies":[{"embeddable":true,"href":"https:\/\/hoggarshop.com\/ar\/wp-json\/wp\/v2\/comments?post=2241"}],"wp:featuredmedia":[{"embeddable":true,"href":"https:\/\/hoggarshop.com\/ar\/wp-json\/wp\/v2\/media\/3070"}],"wp:attachment":[{"href":"https:\/\/hoggarshop.com\/ar\/wp-json\/wp\/v2\/media?parent=2241"}],"wp:term":[{"taxonomy":"product_brand","embeddable":true,"href":"https:\/\/hoggarshop.com\/ar\/wp-json\/wp\/v2\/product_brand?post=2241"},{"taxonomy":"product_cat","embeddable":true,"href":"https:\/\/hoggarshop.com\/ar\/wp-json\/wp\/v2\/product_cat?post=2241"},{"taxonomy":"product_tag","embeddable":true,"href":"https:\/\/hoggarshop.com\/ar\/wp-json\/wp\/v2\/product_tag?post=2241"}],"curies":[{"name":"wp","href":"https:\/\/api.w.org\/{rel}","templated":true}]}}