{"id":2205,"date":"2025-06-05T15:16:26","date_gmt":"2025-06-05T15:16:26","guid":{"rendered":"https:\/\/hoggarshop.com\/?post_type=product&#038;p=2205"},"modified":"2025-07-19T11:13:23","modified_gmt":"2025-07-19T11:13:23","slug":"bomann-machine-a-glacons","status":"publish","type":"product","link":"https:\/\/hoggarshop.com\/ar\/product\/bomann-machine-a-glacons\/","title":{"rendered":"Machine \u00e0 gla\u00e7ons 1,1 litre Noir Bomann\u00ae"},"content":{"rendered":"<ul class=\"a-unordered-list a-vertical a-spacing-mini\">\n<li class=\"a-spacing-mini\"><span class=\"a-list-item\">Aucun tuyau d&rsquo;eau suppl\u00e9mentaire n&rsquo;est n\u00e9cessaire (directement pr\u00eate \u00e0 l&#8217;emploi) R\u00e9servoir d&rsquo;eau int\u00e9gr\u00e9 (1,1 litre)<\/span><\/li>\n<li class=\"a-spacing-mini\"><span class=\"a-list-item\">Les gla\u00e7ons se forment d\u00e9j\u00e0 apr\u00e8s 10 minutes Environ 8-12 kg de gla\u00e7ons en 24 heures 2 tailles de gla\u00e7ons s\u00e9lectionnables (petit\/grand)<\/span><\/li>\n<li class=\"a-spacing-mini\"><span class=\"a-list-item\">Indicateur LED de bac \u00e0 gla\u00e7ons plein ou de r\u00e9servoir d&rsquo;eau vide<\/span><\/li>\n<li class=\"a-spacing-mini\"><span class=\"a-list-item\">Mode d&rsquo;\u00e9conomie d&rsquo;\u00e9nergie ECO Save<\/span><\/li>\n<li class=\"a-spacing-mini\"><span class=\"a-list-item\">Arr\u00eat automatique lorsque le r\u00e9servoir est plein<\/span><\/li>\n<li>Dimensions du produit : (L x l x h) \u200e28,2 x 20,5 x 26,5 cm<\/li>\n<li>Poids de l&rsquo;article : \u200e6,52 Kilograms<\/li>\n<li><strong>Garantie : 12 Mois<\/strong><\/li>\n<\/ul>","protected":false},"excerpt":{"rendered":"<p id=\"title\" class=\"a-size-large a-spacing-none\"><span id=\"productTitle\" class=\"a-size-large product-title-word-break\">Machine \u00e0 gla\u00e7ons \u00e0 production rapide\u00a0 Gla\u00e7ons en 10 minutes\u00a0 Jusqu&rsquo;\u00e0 10 kg de glace en 24 heures \u2013 Machine \u00e0 gla\u00e7ons avec 2 tailles de gla\u00e7ons et r\u00e9servoir d&rsquo;eau de 1,1 l\u00a0<\/span><\/p>\n<p><strong>Garantie : 12 Mois<\/strong><\/p>","protected":false},"featured_media":3038,"comment_status":"open","ping_status":"closed","template":"","meta":{"pagelayer_contact_templates":[],"_pagelayer_content":"","site-sidebar-layout":"default","site-content-layout":"","ast-site-content-layout":"default","site-content-style":"default","site-sidebar-style":"default","ast-global-header-display":"","ast-banner-title-visibility":"","ast-main-header-display":"","ast-hfb-above-header-display":"","ast-hfb-below-header-display":"","ast-hfb-mobile-header-display":"","site-post-title":"","ast-breadcrumbs-content":"","ast-featured-img":"","footer-sml-layout":"","theme-transparent-header-meta":"default","adv-header-id-meta":"","stick-header-meta":"","header-above-stick-meta":"","header-main-stick-meta":"","header-below-stick-meta":"","astra-migrate-meta-layouts":"set","ast-page-background-enabled":"default","ast-page-background-meta":{"desktop":{"background-color":"","background-image":"","background-repeat":"repeat","background-position":"center center","background-size":"auto","background-attachment":"scroll","background-type":"","background-media":"","overlay-type":"","overlay-color":"","overlay-opacity":"","overlay-gradient":""},"tablet":{"background-color":"","background-image":"","background-repeat":"repeat","background-position":"center center","background-size":"auto","background-attachment":"scroll","background-type":"","background-media":"","overlay-type":"","overlay-color":"","overlay-opacity":"","overlay-gradient":""},"mobile":{"background-color":"","background-image":"","background-repeat":"repeat","background-position":"center center","background-size":"auto","background-attachment":"scroll","background-type":"","background-media":"","overlay-type":"","overlay-color":"","overlay-opacity":"","overlay-gradient":""}},"ast-content-background-meta":{"desktop":{"background-color":"var(--ast-global-color-5)","background-image":"","background-repeat":"repeat","background-position":"center center","background-size":"auto","background-attachment":"scroll","background-type":"","background-media":"","overlay-type":"","overlay-color":"","overlay-opacity":"","overlay-gradient":""},"tablet":{"background-color":"var(--ast-global-color-5)","background-image":"","background-repeat":"repeat","background-position":"center center","background-size":"auto","background-attachment":"scroll","background-type":"","background-media":"","overlay-type":"","overlay-color":"","overlay-opacity":"","overlay-gradient":""},"mobile":{"background-color":"var(--ast-global-color-5)","background-image":"","background-repeat":"repeat","background-position":"center center","background-size":"auto","background-attachment":"scroll","background-type":"","background-media":"","overlay-type":"","overlay-color":"","overlay-opacity":"","overlay-gradient":""}}},"product_brand":[],"product_cat":[58],"product_tag":[],"class_list":{"0":"post-2205","1":"product","2":"type-product","3":"status-publish","4":"has-post-thumbnail","6":"product_cat-petit-electromenager","7":"desktop-align-left","8":"tablet-align-left","9":"mobile-align-left","11":"first","12":"instock","13":"shipping-taxable","14":"purchasable","15":"product-type-simple"},"_links":{"self":[{"href":"https:\/\/hoggarshop.com\/ar\/wp-json\/wp\/v2\/product\/2205","targetHints":{"allow":["GET"]}}],"collection":[{"href":"https:\/\/hoggarshop.com\/ar\/wp-json\/wp\/v2\/product"}],"about":[{"href":"https:\/\/hoggarshop.com\/ar\/wp-json\/wp\/v2\/types\/product"}],"replies":[{"embeddable":true,"href":"https:\/\/hoggarshop.com\/ar\/wp-json\/wp\/v2\/comments?post=2205"}],"wp:featuredmedia":[{"embeddable":true,"href":"https:\/\/hoggarshop.com\/ar\/wp-json\/wp\/v2\/media\/3038"}],"wp:attachment":[{"href":"https:\/\/hoggarshop.com\/ar\/wp-json\/wp\/v2\/media?parent=2205"}],"wp:term":[{"taxonomy":"product_brand","embeddable":true,"href":"https:\/\/hoggarshop.com\/ar\/wp-json\/wp\/v2\/product_brand?post=2205"},{"taxonomy":"product_cat","embeddable":true,"href":"https:\/\/hoggarshop.com\/ar\/wp-json\/wp\/v2\/product_cat?post=2205"},{"taxonomy":"product_tag","embeddable":true,"href":"https:\/\/hoggarshop.com\/ar\/wp-json\/wp\/v2\/product_tag?post=2205"}],"curies":[{"name":"wp","href":"https:\/\/api.w.org\/{rel}","templated":true}]}}