{"id":2632,"date":"2025-06-16T14:42:16","date_gmt":"2025-06-16T14:42:16","guid":{"rendered":"https:\/\/hoggarshop.com\/?page_id=2632"},"modified":"2025-06-24T17:16:53","modified_gmt":"2025-06-24T17:16:53","slug":"petit-electromenager-aide-culinaire","status":"publish","type":"page","link":"https:\/\/hoggarshop.com\/ar\/petit-electromenager-aide-culinaire\/","title":{"rendered":"\u0645\u0633\u0627\u0639\u062f\u0629 \u0641\u064a \u0627\u0644\u0637\u0647\u064a"},"content":{"rendered":"<div data-elementor-type=\"wp-page\" data-elementor-id=\"2632\" class=\"elementor elementor-2632\">\n\t\t\t\t<div class=\"elementor-element elementor-element-b55e64d e-flex e-con-boxed e-con e-parent\" data-id=\"b55e64d\" data-element_type=\"container\">\n\t\t\t\t\t<div class=\"e-con-inner\">\n\t\t\t\t<div class=\"elementor-element elementor-element-5fb49a5 elementor-widget elementor-widget-heading\" data-id=\"5fb49a5\" data-element_type=\"widget\" data-widget_type=\"heading.default\">\n\t\t\t\t<div class=\"elementor-widget-container\">\n\t\t\t\t\t<h3 class=\"elementor-heading-title elementor-size-default\">\u0645\u0633\u0627\u0639\u062f\u0629 \u0641\u064a \u0627\u0644\u0637\u0647\u064a<\/h3>\t\t\t\t<\/div>\n\t\t\t\t<\/div>\n\t\t\t\t<div class=\"elementor-element elementor-element-7b9ffb2 elementor-widget elementor-widget-heading\" data-id=\"7b9ffb2\" data-element_type=\"widget\" data-widget_type=\"heading.default\">\n\t\t\t\t<div class=\"elementor-widget-container\">\n\t\t\t\t\t<p class=\"elementor-heading-title elementor-size-default\">\u0648\u0641\u0651\u0631 \u0648\u0642\u062a\u0643 \u0641\u064a \u0627\u0644\u0645\u0637\u0628\u062e \u0645\u0639 \u0645\u062c\u0645\u0648\u0639\u062a\u0646\u0627 \u0627\u0644\u0645\u062e\u062a\u0627\u0631\u0629 \u0645\u0646 \u0623\u062f\u0648\u0627\u062a \u0627\u0644\u0645\u0637\u0628\u062e \u0627\u0644\u0645\u0633\u0627\u0639\u062f\u0629: \u0627\u0644\u0645\u0628\u0634\u0631\u0627\u062a\u060c \u0648\u0627\u0644\u0645\u0627\u0646\u062f\u0648\u0644\u0627\u062a\u060c \u0648\u0627\u0644\u062e\u0644\u0627\u0637\u0627\u062a\u060c \u0648\u0627\u0644\u0645\u0641\u0631\u0648\u0645\u0627\u062a\u060c \u0648\u063a\u064a\u0631\u0647\u0627 \u0645\u0646 \u0627\u0644\u0623\u062f\u0648\u0627\u062a \u0627\u0644\u0630\u0643\u064a\u0629. \u0633\u0648\u0627\u0621\u064b \u0643\u0646\u062a \u0645\u0628\u062a\u062f\u0626\u0627\u064b \u0623\u0648 \u0645\u062a\u062d\u0645\u0633\u0627\u064b\u060c \u0633\u062a\u0633\u0627\u0639\u062f\u0643 \u0647\u0630\u0647 \u0627\u0644\u0625\u0643\u0633\u0633\u0648\u0627\u0631\u0627\u062a \u0627\u0644\u0639\u0645\u0644\u064a\u0629 \u0648\u0627\u0644\u0630\u0643\u064a\u0629 \u0639\u0644\u0649 \u062a\u062d\u0636\u064a\u0631 \u0627\u0644\u0637\u0639\u0627\u0645 \u0628\u0633\u0631\u0639\u0629 \u0648\u062f\u0642\u0629 \u0648\u0646\u062c\u0627\u062d.\n\n<\/p>\t\t\t\t<\/div>\n\t\t\t\t<\/div>\n\t\t\t\t\t<\/div>\n\t\t\t\t<\/div>\n\t\t<div class=\"elementor-element elementor-element-782f6e5 e-con-full e-flex e-con e-child\" data-id=\"782f6e5\" data-element_type=\"container\">\n\t\t\t\t<div class=\"elementor-element elementor-element-90bb838 elementor-widget elementor-widget-shortcode\" data-id=\"90bb838\" data-element_type=\"widget\" data-widget_type=\"shortcode.default\">\n\t\t\t\t<div class=\"elementor-widget-container\">\n\t\t\t\t\t\t\t<div class=\"elementor-shortcode\"><div class=\"woocommerce columns-3\"><\/div><\/div>\n\t\t\t\t\t\t<\/div>\n\t\t\t\t<\/div>\n\t\t\t\t<\/div>\n\t\t\t\t<\/div>","protected":false},"excerpt":{"rendered":"<p>aide-culinaire Gagnez du temps en cuisine gr\u00e2ce \u00e0 notre s\u00e9lection d\u2019aides culinaires : r\u00e2pes, mandolines, mixeurs, hachoirs et autres ustensiles intelligents. Que vous soyez d\u00e9butant ou passionn\u00e9, ces accessoires pratiques et astucieux vous accompagnent au quotidien pour des pr\u00e9parations rapides, pr\u00e9cises et r\u00e9ussies.<\/p>","protected":false},"author":1,"featured_media":0,"parent":0,"menu_order":0,"comment_status":"closed","ping_status":"closed","template":"","meta":{"pagelayer_contact_templates":[],"_pagelayer_content":"","site-sidebar-layout":"no-sidebar","site-content-layout":"page-builder","ast-site-content-layout":"full-width-container","site-content-style":"default","site-sidebar-style":"default","ast-global-header-display":"","ast-banner-title-visibility":"","ast-main-header-display":"","ast-hfb-above-header-display":"","ast-hfb-below-header-display":"","ast-hfb-mobile-header-display":"","site-post-title":"disabled","ast-breadcrumbs-content":"","ast-featured-img":"disabled","footer-sml-layout":"","theme-transparent-header-meta":"","adv-header-id-meta":"","stick-header-meta":"","header-above-stick-meta":"","header-main-stick-meta":"","header-below-stick-meta":"","astra-migrate-meta-layouts":"default","ast-page-background-enabled":"default","ast-page-background-meta":{"desktop":{"background-color":"","background-image":"","background-repeat":"repeat","background-position":"center center","background-size":"auto","background-attachment":"scroll","background-type":"","background-media":"","overlay-type":"","overlay-color":"","overlay-opacity":"","overlay-gradient":""},"tablet":{"background-color":"","background-image":"","background-repeat":"repeat","background-position":"center center","background-size":"auto","background-attachment":"scroll","background-type":"","background-media":"","overlay-type":"","overlay-color":"","overlay-opacity":"","overlay-gradient":""},"mobile":{"background-color":"","background-image":"","background-repeat":"repeat","background-position":"center center","background-size":"auto","background-attachment":"scroll","background-type":"","background-media":"","overlay-type":"","overlay-color":"","overlay-opacity":"","overlay-gradient":""}},"ast-content-background-meta":{"desktop":{"background-color":"var(--ast-global-color-5)","background-image":"","background-repeat":"repeat","background-position":"center center","background-size":"auto","background-attachment":"scroll","background-type":"","background-media":"","overlay-type":"","overlay-color":"","overlay-opacity":"","overlay-gradient":""},"tablet":{"background-color":"var(--ast-global-color-5)","background-image":"","background-repeat":"repeat","background-position":"center center","background-size":"auto","background-attachment":"scroll","background-type":"","background-media":"","overlay-type":"","overlay-color":"","overlay-opacity":"","overlay-gradient":""},"mobile":{"background-color":"var(--ast-global-color-5)","background-image":"","background-repeat":"repeat","background-position":"center center","background-size":"auto","background-attachment":"scroll","background-type":"","background-media":"","overlay-type":"","overlay-color":"","overlay-opacity":"","overlay-gradient":""}},"footnotes":""},"class_list":["post-2632","page","type-page","status-publish","hentry"],"_links":{"self":[{"href":"https:\/\/hoggarshop.com\/ar\/wp-json\/wp\/v2\/pages\/2632","targetHints":{"allow":["GET"]}}],"collection":[{"href":"https:\/\/hoggarshop.com\/ar\/wp-json\/wp\/v2\/pages"}],"about":[{"href":"https:\/\/hoggarshop.com\/ar\/wp-json\/wp\/v2\/types\/page"}],"author":[{"embeddable":true,"href":"https:\/\/hoggarshop.com\/ar\/wp-json\/wp\/v2\/users\/1"}],"replies":[{"embeddable":true,"href":"https:\/\/hoggarshop.com\/ar\/wp-json\/wp\/v2\/comments?post=2632"}],"version-history":[{"count":8,"href":"https:\/\/hoggarshop.com\/ar\/wp-json\/wp\/v2\/pages\/2632\/revisions"}],"predecessor-version":[{"id":2907,"href":"https:\/\/hoggarshop.com\/ar\/wp-json\/wp\/v2\/pages\/2632\/revisions\/2907"}],"wp:attachment":[{"href":"https:\/\/hoggarshop.com\/ar\/wp-json\/wp\/v2\/media?parent=2632"}],"curies":[{"name":"wp","href":"https:\/\/api.w.org\/{rel}","templated":true}]}}