{"id":2630,"date":"2025-06-16T15:37:04","date_gmt":"2025-06-16T15:37:04","guid":{"rendered":"https:\/\/hoggarshop.com\/?page_id=2630"},"modified":"2025-06-24T17:15:03","modified_gmt":"2025-06-24T17:15:03","slug":"petit-electromenager-petit-dejeuner","status":"publish","type":"page","link":"https:\/\/hoggarshop.com\/ar\/petit-electromenager-petit-dejeuner\/","title":{"rendered":"\u0627\u0644\u0641\u0637\u0648\u0631"},"content":{"rendered":"<div data-elementor-type=\"wp-page\" data-elementor-id=\"2630\" class=\"elementor elementor-2630\">\n\t\t\t\t<div class=\"elementor-element elementor-element-9f84c3b e-flex e-con-boxed e-con e-parent\" data-id=\"9f84c3b\" data-element_type=\"container\">\n\t\t\t\t\t<div class=\"e-con-inner\">\n\t\t\t\t<div class=\"elementor-element elementor-element-3d3721e elementor-widget elementor-widget-heading\" data-id=\"3d3721e\" data-element_type=\"widget\" data-widget_type=\"heading.default\">\n\t\t\t\t<div class=\"elementor-widget-container\">\n\t\t\t\t\t<h3 class=\"elementor-heading-title elementor-size-default\">\u0627\u0644\u0641\u0637\u0648\u0631<\/h3>\t\t\t\t<\/div>\n\t\t\t\t<\/div>\n\t\t\t\t<div class=\"elementor-element elementor-element-f92fecb elementor-widget elementor-widget-heading\" data-id=\"f92fecb\" data-element_type=\"widget\" data-widget_type=\"heading.default\">\n\t\t\t\t<div class=\"elementor-widget-container\">\n\t\t\t\t\t<p class=\"elementor-heading-title elementor-size-default\">\u0627\u0643\u062a\u0634\u0641 \u0645\u062c\u0645\u0648\u0639\u062a\u0646\u0627 \u0627\u0644\u0645\u062e\u062a\u0627\u0631\u0629 \u0645\u0646 \u0627\u0644\u0623\u062c\u0647\u0632\u0629 \u0644\u062a\u0646\u0627\u0648\u0644 \u0641\u0637\u0648\u0631 \u0645\u062a\u0643\u0627\u0645\u0644 \u0648\u0644\u0630\u064a\u0630: \u0622\u0644\u0627\u062a \u062a\u062d\u0645\u064a\u0635 \u0627\u0644\u062e\u0628\u0632 \u0648\u0627\u0644\u063a\u0644\u0627\u064a\u0627\u062a \u0648\u0622\u0644\u0627\u062a \u062a\u062d\u0636\u064a\u0631 \u0627\u0644\u0642\u0647\u0648\u0629 \u0648\u0627\u0644\u0639\u0635\u0627\u0631\u0627\u062a \u0648\u063a\u064a\u0631\u0647\u0627. \u0625\u0646\u0647\u0627 \u0639\u0645\u0644\u064a\u0629 \u0648\u0623\u0646\u064a\u0642\u0629 \u0648\u0641\u0639\u0651\u0627\u0644\u0629\u060c \u0641\u0647\u064a \u062a\u062d\u0648\u0651\u0644 \u0643\u0644 \u0635\u0628\u0627\u062d \u0625\u0644\u0649 \u0644\u062d\u0638\u0629 \u0645\u0646 \u0627\u0644\u0645\u062a\u0639\u0629 \u0648\u0627\u0644\u0637\u0627\u0642\u0629.\n\n<\/p>\t\t\t\t<\/div>\n\t\t\t\t<\/div>\n\t\t\t\t\t<\/div>\n\t\t\t\t<\/div>\n\t\t<div class=\"elementor-element elementor-element-1aec0ab e-con-full e-flex e-con e-child\" data-id=\"1aec0ab\" data-element_type=\"container\">\n\t\t\t\t<div class=\"elementor-element elementor-element-c580a8c elementor-widget elementor-widget-shortcode\" data-id=\"c580a8c\" data-element_type=\"widget\" data-widget_type=\"shortcode.default\">\n\t\t\t\t<div class=\"elementor-widget-container\">\n\t\t\t\t\t\t\t<div class=\"elementor-shortcode\"><div class=\"woocommerce columns-3\"><\/div><\/div>\n\t\t\t\t\t\t<\/div>\n\t\t\t\t<\/div>\n\t\t\t\t<\/div>\n\t\t\t\t<\/div>","protected":false},"excerpt":{"rendered":"<p>petit d\u00e9jeuner D\u00e9couvrez notre s\u00e9lection d\u2019appareils pour un petit-d\u00e9jeuner complet et savoureux : grille-pain, bouilloires, cafeti\u00e8res, presse-agrumes et plus encore. Pratiques, design et efficaces, ils transforment chaque matin en un moment de plaisir et d\u2019\u00e9nergie.<\/p>","protected":false},"author":1,"featured_media":0,"parent":0,"menu_order":0,"comment_status":"closed","ping_status":"closed","template":"","meta":{"pagelayer_contact_templates":[],"_pagelayer_content":"","site-sidebar-layout":"no-sidebar","site-content-layout":"page-builder","ast-site-content-layout":"full-width-container","site-content-style":"default","site-sidebar-style":"default","ast-global-header-display":"","ast-banner-title-visibility":"","ast-main-header-display":"","ast-hfb-above-header-display":"","ast-hfb-below-header-display":"","ast-hfb-mobile-header-display":"","site-post-title":"disabled","ast-breadcrumbs-content":"","ast-featured-img":"disabled","footer-sml-layout":"","theme-transparent-header-meta":"","adv-header-id-meta":"","stick-header-meta":"","header-above-stick-meta":"","header-main-stick-meta":"","header-below-stick-meta":"","astra-migrate-meta-layouts":"default","ast-page-background-enabled":"default","ast-page-background-meta":{"desktop":{"background-color":"","background-image":"","background-repeat":"repeat","background-position":"center center","background-size":"auto","background-attachment":"scroll","background-type":"","background-media":"","overlay-type":"","overlay-color":"","overlay-opacity":"","overlay-gradient":""},"tablet":{"background-color":"","background-image":"","background-repeat":"repeat","background-position":"center center","background-size":"auto","background-attachment":"scroll","background-type":"","background-media":"","overlay-type":"","overlay-color":"","overlay-opacity":"","overlay-gradient":""},"mobile":{"background-color":"","background-image":"","background-repeat":"repeat","background-position":"center center","background-size":"auto","background-attachment":"scroll","background-type":"","background-media":"","overlay-type":"","overlay-color":"","overlay-opacity":"","overlay-gradient":""}},"ast-content-background-meta":{"desktop":{"background-color":"var(--ast-global-color-5)","background-image":"","background-repeat":"repeat","background-position":"center center","background-size":"auto","background-attachment":"scroll","background-type":"","background-media":"","overlay-type":"","overlay-color":"","overlay-opacity":"","overlay-gradient":""},"tablet":{"background-color":"var(--ast-global-color-5)","background-image":"","background-repeat":"repeat","background-position":"center center","background-size":"auto","background-attachment":"scroll","background-type":"","background-media":"","overlay-type":"","overlay-color":"","overlay-opacity":"","overlay-gradient":""},"mobile":{"background-color":"var(--ast-global-color-5)","background-image":"","background-repeat":"repeat","background-position":"center center","background-size":"auto","background-attachment":"scroll","background-type":"","background-media":"","overlay-type":"","overlay-color":"","overlay-opacity":"","overlay-gradient":""}},"footnotes":""},"class_list":["post-2630","page","type-page","status-publish","hentry"],"_links":{"self":[{"href":"https:\/\/hoggarshop.com\/ar\/wp-json\/wp\/v2\/pages\/2630","targetHints":{"allow":["GET"]}}],"collection":[{"href":"https:\/\/hoggarshop.com\/ar\/wp-json\/wp\/v2\/pages"}],"about":[{"href":"https:\/\/hoggarshop.com\/ar\/wp-json\/wp\/v2\/types\/page"}],"author":[{"embeddable":true,"href":"https:\/\/hoggarshop.com\/ar\/wp-json\/wp\/v2\/users\/1"}],"replies":[{"embeddable":true,"href":"https:\/\/hoggarshop.com\/ar\/wp-json\/wp\/v2\/comments?post=2630"}],"version-history":[{"count":5,"href":"https:\/\/hoggarshop.com\/ar\/wp-json\/wp\/v2\/pages\/2630\/revisions"}],"predecessor-version":[{"id":2904,"href":"https:\/\/hoggarshop.com\/ar\/wp-json\/wp\/v2\/pages\/2630\/revisions\/2904"}],"wp:attachment":[{"href":"https:\/\/hoggarshop.com\/ar\/wp-json\/wp\/v2\/media?parent=2630"}],"curies":[{"name":"wp","href":"https:\/\/api.w.org\/{rel}","templated":true}]}}