{"id":2603,"date":"2025-06-16T14:25:48","date_gmt":"2025-06-16T14:25:48","guid":{"rendered":"https:\/\/hoggarshop.com\/?page_id=2603"},"modified":"2025-06-24T17:09:34","modified_gmt":"2025-06-24T17:09:34","slug":"petit-electromenager-robot-patissier","status":"publish","type":"page","link":"https:\/\/hoggarshop.com\/ar\/petit-electromenager-robot-patissier\/","title":{"rendered":"\u0631\u0648\u0628\u0648\u062a \u0644\u0644\u062d\u0644\u0648\u064a\u0627\u062a"},"content":{"rendered":"<div data-elementor-type=\"wp-page\" data-elementor-id=\"2603\" class=\"elementor elementor-2603\">\n\t\t\t\t<div class=\"elementor-element elementor-element-0b6ce50 e-flex e-con-boxed e-con e-parent\" data-id=\"0b6ce50\" data-element_type=\"container\">\n\t\t\t\t\t<div class=\"e-con-inner\">\n\t\t\t\t<div class=\"elementor-element elementor-element-62437f4 elementor-widget elementor-widget-heading\" data-id=\"62437f4\" data-element_type=\"widget\" data-widget_type=\"heading.default\">\n\t\t\t\t<div class=\"elementor-widget-container\">\n\t\t\t\t\t<h3 class=\"elementor-heading-title elementor-size-default\">\u0631\u0648\u0628\u0648\u062a \u0644\u0644\u062d\u0644\u0648\u064a\u0627\u062a<\/h3>\t\t\t\t<\/div>\n\t\t\t\t<\/div>\n\t\t\t\t<div class=\"elementor-element elementor-element-4cca584 elementor-widget elementor-widget-heading\" data-id=\"4cca584\" data-element_type=\"widget\" data-widget_type=\"heading.default\">\n\t\t\t\t<div class=\"elementor-widget-container\">\n\t\t\t\t\t<p class=\"elementor-heading-title elementor-size-default\">\u0645\u0639 \u0645\u062d\u0636\u0631\u0627\u062a \u0627\u0644\u0637\u0639\u0627\u0645 \u0639\u0627\u0644\u064a\u0629 \u0627\u0644\u0623\u062f\u0627\u0621 \u0648\u0633\u0647\u0644\u0629 \u0627\u0644\u0627\u0633\u062a\u062e\u062f\u0627\u0645\u060c \u064a\u0645\u0643\u0646\u0643 \u062a\u062d\u0636\u064a\u0631 \u0648\u0635\u0641\u0627\u062a \u062d\u0644\u0648\u0629 \u0648\u0645\u0627\u0644\u062d\u0629 \u0645\u062b\u0644 \u0627\u0644\u0645\u062d\u062a\u0631\u0641\u064a\u0646. \u0641\u0647\u064a \u0645\u062b\u0627\u0644\u064a\u0629 \u0644\u0644\u0639\u062c\u0646 \u0623\u0648 \u0627\u0644\u062e\u0641\u0642 \u0623\u0648 \u0627\u0644\u0627\u0633\u062a\u062d\u0644\u0627\u0628\u060c \u0648\u064a\u0645\u0643\u0646 \u0627\u0633\u062a\u062e\u062f\u0627\u0645\u0647\u0627 \u0644\u062c\u0645\u064a\u0639 \u0627\u062d\u062a\u064a\u0627\u062c\u0627\u062a \u0627\u0644\u0637\u0647\u064a \u0627\u0644\u062e\u0627\u0635\u0629 \u0628\u0643 - \u0645\u0646 \u0639\u062c\u064a\u0646\u0629 \u0627\u0644\u062e\u0628\u0632 \u0625\u0644\u0649 \u0623\u062c\u0648\u062f \u0623\u0646\u0648\u0627\u0639 \u0627\u0644\u0645\u0639\u0643\u0631\u0648\u0646.\n\n\n<\/p>\t\t\t\t<\/div>\n\t\t\t\t<\/div>\n\t\t\t\t\t<\/div>\n\t\t\t\t<\/div>\n\t\t<div class=\"elementor-element elementor-element-060d228 e-con-full e-flex e-con e-child\" data-id=\"060d228\" data-element_type=\"container\">\n\t\t\t\t<div class=\"elementor-element elementor-element-4b60ba8 elementor-widget elementor-widget-shortcode\" data-id=\"4b60ba8\" data-element_type=\"widget\" data-widget_type=\"shortcode.default\">\n\t\t\t\t<div class=\"elementor-widget-container\">\n\t\t\t\t\t\t\t<div class=\"elementor-shortcode\"><div class=\"woocommerce columns-3\"><\/div><\/div>\n\t\t\t\t\t\t<\/div>\n\t\t\t\t<\/div>\n\t\t\t\t<\/div>\n\t\t\t\t<\/div>","protected":false},"excerpt":{"rendered":"<p>robots p\u00e2tissiers Avec nos robots p\u00e2tissiers performants et faciles \u00e0 utiliser, pr\u00e9parez vos recettes sucr\u00e9es et sal\u00e9es comme un pro. Id\u00e9als pour p\u00e9trir, battre ou \u00e9mulsionner, ils vous accompagnent dans toutes vos envies gourmandes \u2014 de la p\u00e2te \u00e0 pain aux macarons les plus fins.<\/p>","protected":false},"author":1,"featured_media":0,"parent":0,"menu_order":0,"comment_status":"closed","ping_status":"closed","template":"","meta":{"pagelayer_contact_templates":[],"_pagelayer_content":"","site-sidebar-layout":"no-sidebar","site-content-layout":"page-builder","ast-site-content-layout":"full-width-container","site-content-style":"default","site-sidebar-style":"default","ast-global-header-display":"","ast-banner-title-visibility":"","ast-main-header-display":"","ast-hfb-above-header-display":"","ast-hfb-below-header-display":"","ast-hfb-mobile-header-display":"","site-post-title":"disabled","ast-breadcrumbs-content":"","ast-featured-img":"disabled","footer-sml-layout":"","theme-transparent-header-meta":"","adv-header-id-meta":"","stick-header-meta":"","header-above-stick-meta":"","header-main-stick-meta":"","header-below-stick-meta":"","astra-migrate-meta-layouts":"default","ast-page-background-enabled":"default","ast-page-background-meta":{"desktop":{"background-color":"","background-image":"","background-repeat":"repeat","background-position":"center center","background-size":"auto","background-attachment":"scroll","background-type":"","background-media":"","overlay-type":"","overlay-color":"","overlay-opacity":"","overlay-gradient":""},"tablet":{"background-color":"","background-image":"","background-repeat":"repeat","background-position":"center center","background-size":"auto","background-attachment":"scroll","background-type":"","background-media":"","overlay-type":"","overlay-color":"","overlay-opacity":"","overlay-gradient":""},"mobile":{"background-color":"","background-image":"","background-repeat":"repeat","background-position":"center center","background-size":"auto","background-attachment":"scroll","background-type":"","background-media":"","overlay-type":"","overlay-color":"","overlay-opacity":"","overlay-gradient":""}},"ast-content-background-meta":{"desktop":{"background-color":"var(--ast-global-color-5)","background-image":"","background-repeat":"repeat","background-position":"center center","background-size":"auto","background-attachment":"scroll","background-type":"","background-media":"","overlay-type":"","overlay-color":"","overlay-opacity":"","overlay-gradient":""},"tablet":{"background-color":"var(--ast-global-color-5)","background-image":"","background-repeat":"repeat","background-position":"center center","background-size":"auto","background-attachment":"scroll","background-type":"","background-media":"","overlay-type":"","overlay-color":"","overlay-opacity":"","overlay-gradient":""},"mobile":{"background-color":"var(--ast-global-color-5)","background-image":"","background-repeat":"repeat","background-position":"center center","background-size":"auto","background-attachment":"scroll","background-type":"","background-media":"","overlay-type":"","overlay-color":"","overlay-opacity":"","overlay-gradient":""}},"footnotes":""},"class_list":["post-2603","page","type-page","status-publish","hentry"],"_links":{"self":[{"href":"https:\/\/hoggarshop.com\/ar\/wp-json\/wp\/v2\/pages\/2603","targetHints":{"allow":["GET"]}}],"collection":[{"href":"https:\/\/hoggarshop.com\/ar\/wp-json\/wp\/v2\/pages"}],"about":[{"href":"https:\/\/hoggarshop.com\/ar\/wp-json\/wp\/v2\/types\/page"}],"author":[{"embeddable":true,"href":"https:\/\/hoggarshop.com\/ar\/wp-json\/wp\/v2\/users\/1"}],"replies":[{"embeddable":true,"href":"https:\/\/hoggarshop.com\/ar\/wp-json\/wp\/v2\/comments?post=2603"}],"version-history":[{"count":8,"href":"https:\/\/hoggarshop.com\/ar\/wp-json\/wp\/v2\/pages\/2603\/revisions"}],"predecessor-version":[{"id":2895,"href":"https:\/\/hoggarshop.com\/ar\/wp-json\/wp\/v2\/pages\/2603\/revisions\/2895"}],"wp:attachment":[{"href":"https:\/\/hoggarshop.com\/ar\/wp-json\/wp\/v2\/media?parent=2603"}],"curies":[{"name":"wp","href":"https:\/\/api.w.org\/{rel}","templated":true}]}}