{"id":2598,"date":"2025-06-16T14:25:36","date_gmt":"2025-06-16T14:25:36","guid":{"rendered":"https:\/\/hoggarshop.com\/?page_id=2598"},"modified":"2025-06-24T16:47:06","modified_gmt":"2025-06-24T16:47:06","slug":"petit-electromenager-robot-cuiseur","status":"publish","type":"page","link":"https:\/\/hoggarshop.com\/ar\/petit-electromenager-robot-cuiseur\/","title":{"rendered":"\u0631\u0648\u0628\u0648\u062a \u0627\u0644\u0637\u0647\u064a"},"content":{"rendered":"<div data-elementor-type=\"wp-page\" data-elementor-id=\"2598\" class=\"elementor elementor-2598\">\n\t\t\t\t<div class=\"elementor-element elementor-element-8ad23ec e-flex e-con-boxed e-con e-parent\" data-id=\"8ad23ec\" data-element_type=\"container\">\n\t\t\t\t\t<div class=\"e-con-inner\">\n\t\t\t\t<div class=\"elementor-element elementor-element-0739ecd elementor-widget elementor-widget-heading\" data-id=\"0739ecd\" data-element_type=\"widget\" data-widget_type=\"heading.default\">\n\t\t\t\t<div class=\"elementor-widget-container\">\n\t\t\t\t\t<h3 class=\"elementor-heading-title elementor-size-default\">\u0631\u0648\u0628\u0648\u062a \u0627\u0644\u0637\u0647\u064a<\/h3>\t\t\t\t<\/div>\n\t\t\t\t<\/div>\n\t\t\t\t<div class=\"elementor-element elementor-element-c2c7ca9 elementor-widget elementor-widget-heading\" data-id=\"c2c7ca9\" data-element_type=\"widget\" data-widget_type=\"heading.default\">\n\t\t\t\t<div class=\"elementor-widget-container\">\n\t\t\t\t\t<p class=\"elementor-heading-title elementor-size-default\">\u0628\u0633\u0651\u0637\u064a \u062d\u064a\u0627\u062a\u0643 \u0641\u064a \u0627\u0644\u0645\u0637\u0628\u062e \u0645\u0639 \u0645\u062d\u0636\u0631\u0627\u062a \u0627\u0644\u0637\u0639\u0627\u0645 \u0645\u062a\u0639\u062f\u062f\u0629 \u0627\u0644\u0648\u0638\u0627\u0626\u0641 \u0627\u0644\u062a\u064a \u062a\u062d\u0636\u0651\u0631 \u0648\u062a\u0637\u0628\u062e \u0648\u062a\u0637\u0647\u0649 \u0639\u0644\u0649 \u0646\u0627\u0631 \u0647\u0627\u062f\u0626\u0629. \u0648\u0641\u0651\u0631 \u0627\u0644\u0648\u0642\u062a \u062f\u0648\u0646 \u0627\u0644\u0645\u0633\u0627\u0648\u0645\u0629 \u0639\u0644\u0649 \u0627\u0644\u0645\u0630\u0627\u0642 \u0628\u0641\u0636\u0644 \u0627\u0644\u0623\u062c\u0647\u0632\u0629 \u0627\u0644\u0630\u0643\u064a\u0629 \u0648\u0627\u0644\u0645\u062a\u0639\u062f\u062f\u0629 \u0627\u0644\u0627\u0633\u062a\u062e\u062f\u0627\u0645\u0627\u062a \u0648\u0633\u0647\u0644\u0629 \u0627\u0644\u0627\u0633\u062a\u062e\u062f\u0627\u0645\u060c \u0648\u0647\u064a \u0645\u062b\u0627\u0644\u064a\u0629 \u0644\u062c\u0645\u064a\u0639 \u0648\u0635\u0641\u0627\u062a\u0643 \u0627\u0644\u0645\u0646\u0632\u0644\u064a\u0629.\n\n<\/p>\t\t\t\t<\/div>\n\t\t\t\t<\/div>\n\t\t\t\t\t<\/div>\n\t\t\t\t<\/div>\n\t\t<div class=\"elementor-element elementor-element-5a73b59 e-con-full e-flex e-con e-child\" data-id=\"5a73b59\" data-element_type=\"container\">\n\t\t\t\t<div class=\"elementor-element elementor-element-909e093 elementor-widget elementor-widget-shortcode\" data-id=\"909e093\" data-element_type=\"widget\" data-widget_type=\"shortcode.default\">\n\t\t\t\t<div class=\"elementor-widget-container\">\n\t\t\t\t\t\t\t<div class=\"elementor-shortcode\"><div class=\"woocommerce columns-3\"><\/div><\/div>\n\t\t\t\t\t\t<\/div>\n\t\t\t\t<\/div>\n\t\t\t\t<\/div>\n\t\t\t\t<\/div>","protected":false},"excerpt":{"rendered":"<p>robot-cuiseur Simplifiez-vous la vie en cuisine avec nos robots-cuiseurs multifonctions qui pr\u00e9parent, cuisent et mijotent pour vous. Gagnez du temps sans compromis sur le go\u00fbt gr\u00e2ce \u00e0 des appareils intelligents, polyvalents et faciles \u00e0 utiliser, parfaits pour toutes vos recettes maison.<\/p>","protected":false},"author":1,"featured_media":0,"parent":0,"menu_order":0,"comment_status":"closed","ping_status":"closed","template":"","meta":{"pagelayer_contact_templates":[],"_pagelayer_content":"","site-sidebar-layout":"no-sidebar","site-content-layout":"page-builder","ast-site-content-layout":"full-width-container","site-content-style":"default","site-sidebar-style":"default","ast-global-header-display":"","ast-banner-title-visibility":"","ast-main-header-display":"","ast-hfb-above-header-display":"","ast-hfb-below-header-display":"","ast-hfb-mobile-header-display":"","site-post-title":"disabled","ast-breadcrumbs-content":"","ast-featured-img":"disabled","footer-sml-layout":"","theme-transparent-header-meta":"","adv-header-id-meta":"","stick-header-meta":"","header-above-stick-meta":"","header-main-stick-meta":"","header-below-stick-meta":"","astra-migrate-meta-layouts":"default","ast-page-background-enabled":"default","ast-page-background-meta":{"desktop":{"background-color":"","background-image":"","background-repeat":"repeat","background-position":"center center","background-size":"auto","background-attachment":"scroll","background-type":"","background-media":"","overlay-type":"","overlay-color":"","overlay-opacity":"","overlay-gradient":""},"tablet":{"background-color":"","background-image":"","background-repeat":"repeat","background-position":"center center","background-size":"auto","background-attachment":"scroll","background-type":"","background-media":"","overlay-type":"","overlay-color":"","overlay-opacity":"","overlay-gradient":""},"mobile":{"background-color":"","background-image":"","background-repeat":"repeat","background-position":"center center","background-size":"auto","background-attachment":"scroll","background-type":"","background-media":"","overlay-type":"","overlay-color":"","overlay-opacity":"","overlay-gradient":""}},"ast-content-background-meta":{"desktop":{"background-color":"var(--ast-global-color-5)","background-image":"","background-repeat":"repeat","background-position":"center center","background-size":"auto","background-attachment":"scroll","background-type":"","background-media":"","overlay-type":"","overlay-color":"","overlay-opacity":"","overlay-gradient":""},"tablet":{"background-color":"var(--ast-global-color-5)","background-image":"","background-repeat":"repeat","background-position":"center center","background-size":"auto","background-attachment":"scroll","background-type":"","background-media":"","overlay-type":"","overlay-color":"","overlay-opacity":"","overlay-gradient":""},"mobile":{"background-color":"var(--ast-global-color-5)","background-image":"","background-repeat":"repeat","background-position":"center center","background-size":"auto","background-attachment":"scroll","background-type":"","background-media":"","overlay-type":"","overlay-color":"","overlay-opacity":"","overlay-gradient":""}},"footnotes":""},"class_list":["post-2598","page","type-page","status-publish","hentry"],"_links":{"self":[{"href":"https:\/\/hoggarshop.com\/ar\/wp-json\/wp\/v2\/pages\/2598","targetHints":{"allow":["GET"]}}],"collection":[{"href":"https:\/\/hoggarshop.com\/ar\/wp-json\/wp\/v2\/pages"}],"about":[{"href":"https:\/\/hoggarshop.com\/ar\/wp-json\/wp\/v2\/types\/page"}],"author":[{"embeddable":true,"href":"https:\/\/hoggarshop.com\/ar\/wp-json\/wp\/v2\/users\/1"}],"replies":[{"embeddable":true,"href":"https:\/\/hoggarshop.com\/ar\/wp-json\/wp\/v2\/comments?post=2598"}],"version-history":[{"count":8,"href":"https:\/\/hoggarshop.com\/ar\/wp-json\/wp\/v2\/pages\/2598\/revisions"}],"predecessor-version":[{"id":2887,"href":"https:\/\/hoggarshop.com\/ar\/wp-json\/wp\/v2\/pages\/2598\/revisions\/2887"}],"wp:attachment":[{"href":"https:\/\/hoggarshop.com\/ar\/wp-json\/wp\/v2\/media?parent=2598"}],"curies":[{"name":"wp","href":"https:\/\/api.w.org\/{rel}","templated":true}]}}