{"id":2588,"date":"2025-06-16T14:24:07","date_gmt":"2025-06-16T14:24:07","guid":{"rendered":"https:\/\/hoggarshop.com\/?page_id=2588"},"modified":"2025-06-24T16:54:23","modified_gmt":"2025-06-24T16:54:23","slug":"petit-electromenager-materiel-de-cuisine","status":"publish","type":"page","link":"https:\/\/hoggarshop.com\/ar\/petit-electromenager-materiel-de-cuisine\/","title":{"rendered":"\u0645\u0639\u062f\u0627\u062a \u0627\u0644\u0645\u0637\u0628\u062e"},"content":{"rendered":"<div data-elementor-type=\"wp-page\" data-elementor-id=\"2588\" class=\"elementor elementor-2588\">\n\t\t\t\t<div class=\"elementor-element elementor-element-ffb17d0 e-flex e-con-boxed e-con e-parent\" data-id=\"ffb17d0\" data-element_type=\"container\">\n\t\t\t\t\t<div class=\"e-con-inner\">\n\t\t\t\t<div class=\"elementor-element elementor-element-ff3c95d elementor-widget elementor-widget-heading\" data-id=\"ff3c95d\" data-element_type=\"widget\" data-widget_type=\"heading.default\">\n\t\t\t\t<div class=\"elementor-widget-container\">\n\t\t\t\t\t<h3 class=\"elementor-heading-title elementor-size-default\">\u0645\u0639\u062f\u0627\u062a \u0627\u0644\u0645\u0637\u0628\u062e<\/h3>\t\t\t\t<\/div>\n\t\t\t\t<\/div>\n\t\t\t\t<div class=\"elementor-element elementor-element-bf823f7 elementor-widget elementor-widget-heading\" data-id=\"bf823f7\" data-element_type=\"widget\" data-widget_type=\"heading.default\">\n\t\t\t\t<div class=\"elementor-widget-container\">\n\t\t\t\t\t<p class=\"elementor-heading-title elementor-size-default\">\u0627\u0633\u062a\u0643\u0634\u0641 \u0645\u062c\u0645\u0648\u0639\u062a\u0646\u0627 \u0627\u0644\u0648\u0627\u0633\u0639\u0629 \u0645\u0646 \u0627\u0644\u0623\u0648\u0627\u0646\u064a\u060c \u0648\u0623\u062f\u0648\u0627\u062a \u0627\u0644\u0637\u0647\u064a \u0648\u0627\u0644\u0625\u0643\u0633\u0633\u0648\u0627\u0631\u0627\u062a \u0644\u0644\u0637\u0647\u064a \u0643\u0627\u0644\u0645\u062d\u062a\u0631\u0641\u064a\u0646. \u062a\u062c\u062a\u0645\u0639 \u0627\u0644\u062c\u0648\u062f\u0629 \u0648\u0627\u0644\u0627\u0628\u062a\u0643\u0627\u0631 \u0648\u0627\u0644\u062a\u0637\u0628\u064a\u0642 \u0627\u0644\u0639\u0645\u0644\u064a \u0645\u0639\u064b\u0627 \u0644\u0645\u0633\u0627\u0639\u062f\u062a\u0643 \u0641\u064a \u0625\u0639\u062f\u0627\u062f \u0643\u0644 \u0634\u064a\u0621 \u0628\u062f\u0621\u064b\u0627 \u0645\u0646 \u0627\u0644\u0648\u062c\u0628\u0627\u062a \u0627\u0644\u064a\u0648\u0645\u064a\u0629 \u0625\u0644\u0649 \u0623\u0643\u062b\u0631 \u0627\u0644\u0623\u0637\u0628\u0627\u0642 \u062a\u0641\u0635\u064a\u0644\u0627\u064b.\n\n<\/p>\t\t\t\t<\/div>\n\t\t\t\t<\/div>\n\t\t\t\t\t<\/div>\n\t\t\t\t<\/div>\n\t\t<div class=\"elementor-element elementor-element-b555df7 e-con-full e-flex e-con e-child\" data-id=\"b555df7\" data-element_type=\"container\">\n\t\t\t\t<div class=\"elementor-element elementor-element-7d25d6f elementor-widget elementor-widget-shortcode\" data-id=\"7d25d6f\" data-element_type=\"widget\" data-widget_type=\"shortcode.default\">\n\t\t\t\t<div class=\"elementor-widget-container\">\n\t\t\t\t\t\t\t<div class=\"elementor-shortcode\"><div class=\"woocommerce columns-3\"><\/div><\/div>\n\t\t\t\t\t\t<\/div>\n\t\t\t\t<\/div>\n\t\t\t\t<\/div>\n\t\t\t\t<\/div>","protected":false},"excerpt":{"rendered":"<p>Mat\u00e9riel de Cuisine Explorez notre large gamme d\u2019ustensiles, batteries de cuisson et accessoires indispensables pour cuisiner comme un pro. Qualit\u00e9, innovation et praticit\u00e9 se r\u00e9unissent pour vous accompagner dans toutes vos pr\u00e9parations, du quotidien aux plats les plus \u00e9labor\u00e9s.<\/p>","protected":false},"author":1,"featured_media":0,"parent":0,"menu_order":0,"comment_status":"closed","ping_status":"closed","template":"","meta":{"pagelayer_contact_templates":[],"_pagelayer_content":"","site-sidebar-layout":"no-sidebar","site-content-layout":"page-builder","ast-site-content-layout":"full-width-container","site-content-style":"default","site-sidebar-style":"default","ast-global-header-display":"","ast-banner-title-visibility":"","ast-main-header-display":"","ast-hfb-above-header-display":"","ast-hfb-below-header-display":"","ast-hfb-mobile-header-display":"","site-post-title":"disabled","ast-breadcrumbs-content":"","ast-featured-img":"disabled","footer-sml-layout":"","theme-transparent-header-meta":"","adv-header-id-meta":"","stick-header-meta":"","header-above-stick-meta":"","header-main-stick-meta":"","header-below-stick-meta":"","astra-migrate-meta-layouts":"default","ast-page-background-enabled":"default","ast-page-background-meta":{"desktop":{"background-color":"","background-image":"","background-repeat":"repeat","background-position":"center center","background-size":"auto","background-attachment":"scroll","background-type":"","background-media":"","overlay-type":"","overlay-color":"","overlay-opacity":"","overlay-gradient":""},"tablet":{"background-color":"","background-image":"","background-repeat":"repeat","background-position":"center center","background-size":"auto","background-attachment":"scroll","background-type":"","background-media":"","overlay-type":"","overlay-color":"","overlay-opacity":"","overlay-gradient":""},"mobile":{"background-color":"","background-image":"","background-repeat":"repeat","background-position":"center center","background-size":"auto","background-attachment":"scroll","background-type":"","background-media":"","overlay-type":"","overlay-color":"","overlay-opacity":"","overlay-gradient":""}},"ast-content-background-meta":{"desktop":{"background-color":"var(--ast-global-color-5)","background-image":"","background-repeat":"repeat","background-position":"center center","background-size":"auto","background-attachment":"scroll","background-type":"","background-media":"","overlay-type":"","overlay-color":"","overlay-opacity":"","overlay-gradient":""},"tablet":{"background-color":"var(--ast-global-color-5)","background-image":"","background-repeat":"repeat","background-position":"center center","background-size":"auto","background-attachment":"scroll","background-type":"","background-media":"","overlay-type":"","overlay-color":"","overlay-opacity":"","overlay-gradient":""},"mobile":{"background-color":"var(--ast-global-color-5)","background-image":"","background-repeat":"repeat","background-position":"center center","background-size":"auto","background-attachment":"scroll","background-type":"","background-media":"","overlay-type":"","overlay-color":"","overlay-opacity":"","overlay-gradient":""}},"footnotes":""},"class_list":["post-2588","page","type-page","status-publish","hentry"],"_links":{"self":[{"href":"https:\/\/hoggarshop.com\/ar\/wp-json\/wp\/v2\/pages\/2588","targetHints":{"allow":["GET"]}}],"collection":[{"href":"https:\/\/hoggarshop.com\/ar\/wp-json\/wp\/v2\/pages"}],"about":[{"href":"https:\/\/hoggarshop.com\/ar\/wp-json\/wp\/v2\/types\/page"}],"author":[{"embeddable":true,"href":"https:\/\/hoggarshop.com\/ar\/wp-json\/wp\/v2\/users\/1"}],"replies":[{"embeddable":true,"href":"https:\/\/hoggarshop.com\/ar\/wp-json\/wp\/v2\/comments?post=2588"}],"version-history":[{"count":10,"href":"https:\/\/hoggarshop.com\/ar\/wp-json\/wp\/v2\/pages\/2588\/revisions"}],"predecessor-version":[{"id":2891,"href":"https:\/\/hoggarshop.com\/ar\/wp-json\/wp\/v2\/pages\/2588\/revisions\/2891"}],"wp:attachment":[{"href":"https:\/\/hoggarshop.com\/ar\/wp-json\/wp\/v2\/media?parent=2588"}],"curies":[{"name":"wp","href":"https:\/\/api.w.org\/{rel}","templated":true}]}}