{"id":2578,"date":"2025-06-16T14:23:47","date_gmt":"2025-06-16T14:23:47","guid":{"rendered":"https:\/\/hoggarshop.com\/?page_id=2578"},"modified":"2025-06-24T16:32:51","modified_gmt":"2025-06-24T16:32:51","slug":"petit-electromenager-le-fait-maison","status":"publish","type":"page","link":"https:\/\/hoggarshop.com\/ar\/petit-electromenager-le-fait-maison\/","title":{"rendered":"\u0627\u0644\u0645\u064f\u062d\u0636\u064e\u0651\u0631 \u0641\u064a \u0627\u0644\u0645\u0646\u0632\u0644"},"content":{"rendered":"<div data-elementor-type=\"wp-page\" data-elementor-id=\"2578\" class=\"elementor elementor-2578\">\n\t\t\t\t<div class=\"elementor-element elementor-element-42fab76 e-flex e-con-boxed e-con e-parent\" data-id=\"42fab76\" data-element_type=\"container\">\n\t\t\t\t\t<div class=\"e-con-inner\">\n\t\t\t\t<div class=\"elementor-element elementor-element-f3cc4c3 elementor-widget elementor-widget-heading\" data-id=\"f3cc4c3\" data-element_type=\"widget\" data-widget_type=\"heading.default\">\n\t\t\t\t<div class=\"elementor-widget-container\">\n\t\t\t\t\t<h3 class=\"elementor-heading-title elementor-size-default\">\u0627\u0644\u0645\u064f\u062d\u0636\u064e\u0651\u0631 \u0641\u064a \u0627\u0644\u0645\u0646\u0632\u0644<\/h3>\t\t\t\t<\/div>\n\t\t\t\t<\/div>\n\t\t\t\t<div class=\"elementor-element elementor-element-b047b20 elementor-widget elementor-widget-heading\" data-id=\"b047b20\" data-element_type=\"widget\" data-widget_type=\"heading.default\">\n\t\t\t\t<div class=\"elementor-widget-container\">\n\t\t\t\t\t<p class=\"elementor-heading-title elementor-size-default\">\u0627\u0639\u062b\u0631 \u0639\u0644\u0649 \u062c\u0645\u064a\u0639 \u0627\u0644\u0645\u0639\u062f\u0627\u062a \u0648\u0627\u0644\u0645\u0643\u0648\u0646\u0627\u062a \u0627\u0644\u062a\u064a \u062a\u062d\u062a\u0627\u062c\u0647\u0627 \u0644\u0625\u0639\u062f\u0627\u062f \u0648\u0635\u0641\u0627\u062a \u0623\u0635\u064a\u0644\u0629 \u0648\u0635\u062d\u064a\u0629 \u0648\u0644\u0630\u064a\u0630\u0629 \u0641\u064a \u0627\u0644\u0645\u0646\u0632\u0644. \u0633\u0648\u0627\u0621\u064b \u0643\u0646\u062a \u0637\u0628\u0627\u062e\u0627\u064b \u0645\u0627\u0647\u0631\u0627\u064b \u0623\u0648 \u0645\u0628\u062a\u062f\u0626\u0627\u064b\u060c \u0633\u062a\u0633\u0627\u0639\u062f\u0643 \u0645\u0646\u062a\u062c\u0627\u062a\u0646\u0627 \u0639\u0644\u0649 \u062a\u062d\u0636\u064a\u0631 \u0623\u0637\u0628\u0627\u0642 \u0645\u0646\u0632\u0644\u064a\u0629 \u0628\u0643\u0644 \u0633\u0647\u0648\u0644\u0629\u060c \u0645\u0646 \u0627\u0644\u062e\u0628\u0632 \u0625\u0644\u0649 \u0627\u0644\u062d\u0644\u0648\u064a\u0627\u062a \u0648\u0627\u0644\u0645\u0639\u0644\u0628\u0627\u062a.\n\n<\/p>\t\t\t\t<\/div>\n\t\t\t\t<\/div>\n\t\t\t\t\t<\/div>\n\t\t\t\t<\/div>\n\t\t<div class=\"elementor-element elementor-element-d9c1c8f e-con-full e-flex e-con e-child\" data-id=\"d9c1c8f\" data-element_type=\"container\">\n\t\t\t\t<div class=\"elementor-element elementor-element-4b12810 elementor-widget elementor-widget-shortcode\" data-id=\"4b12810\" data-element_type=\"widget\" data-widget_type=\"shortcode.default\">\n\t\t\t\t<div class=\"elementor-widget-container\">\n\t\t\t\t\t\t\t<div class=\"elementor-shortcode\"><div class=\"woocommerce columns-3\"><\/div><\/div>\n\t\t\t\t\t\t<\/div>\n\t\t\t\t<\/div>\n\t\t\t\t<\/div>\n\t\t\t\t<\/div>","protected":false},"excerpt":{"rendered":"<p>le-fait-maison Retrouvez tout le mat\u00e9riel et les ingr\u00e9dients pour pr\u00e9parer chez vous des recettes authentiques, saines et pleines de go\u00fbt. Que vous soyez passionn\u00e9 de cuisine ou novice, nos produits vous accompagnent pour cr\u00e9er facilement vos plats faits maison, du pain aux desserts en passant par les conserves.<\/p>","protected":false},"author":1,"featured_media":0,"parent":0,"menu_order":0,"comment_status":"closed","ping_status":"closed","template":"","meta":{"pagelayer_contact_templates":[],"_pagelayer_content":"","site-sidebar-layout":"no-sidebar","site-content-layout":"page-builder","ast-site-content-layout":"full-width-container","site-content-style":"default","site-sidebar-style":"default","ast-global-header-display":"","ast-banner-title-visibility":"","ast-main-header-display":"","ast-hfb-above-header-display":"","ast-hfb-below-header-display":"","ast-hfb-mobile-header-display":"","site-post-title":"disabled","ast-breadcrumbs-content":"","ast-featured-img":"disabled","footer-sml-layout":"","theme-transparent-header-meta":"","adv-header-id-meta":"","stick-header-meta":"","header-above-stick-meta":"","header-main-stick-meta":"","header-below-stick-meta":"","astra-migrate-meta-layouts":"default","ast-page-background-enabled":"default","ast-page-background-meta":{"desktop":{"background-color":"","background-image":"","background-repeat":"repeat","background-position":"center center","background-size":"auto","background-attachment":"scroll","background-type":"","background-media":"","overlay-type":"","overlay-color":"","overlay-opacity":"","overlay-gradient":""},"tablet":{"background-color":"","background-image":"","background-repeat":"repeat","background-position":"center center","background-size":"auto","background-attachment":"scroll","background-type":"","background-media":"","overlay-type":"","overlay-color":"","overlay-opacity":"","overlay-gradient":""},"mobile":{"background-color":"","background-image":"","background-repeat":"repeat","background-position":"center center","background-size":"auto","background-attachment":"scroll","background-type":"","background-media":"","overlay-type":"","overlay-color":"","overlay-opacity":"","overlay-gradient":""}},"ast-content-background-meta":{"desktop":{"background-color":"var(--ast-global-color-5)","background-image":"","background-repeat":"repeat","background-position":"center center","background-size":"auto","background-attachment":"scroll","background-type":"","background-media":"","overlay-type":"","overlay-color":"","overlay-opacity":"","overlay-gradient":""},"tablet":{"background-color":"var(--ast-global-color-5)","background-image":"","background-repeat":"repeat","background-position":"center center","background-size":"auto","background-attachment":"scroll","background-type":"","background-media":"","overlay-type":"","overlay-color":"","overlay-opacity":"","overlay-gradient":""},"mobile":{"background-color":"var(--ast-global-color-5)","background-image":"","background-repeat":"repeat","background-position":"center center","background-size":"auto","background-attachment":"scroll","background-type":"","background-media":"","overlay-type":"","overlay-color":"","overlay-opacity":"","overlay-gradient":""}},"footnotes":""},"class_list":["post-2578","page","type-page","status-publish","hentry"],"_links":{"self":[{"href":"https:\/\/hoggarshop.com\/ar\/wp-json\/wp\/v2\/pages\/2578","targetHints":{"allow":["GET"]}}],"collection":[{"href":"https:\/\/hoggarshop.com\/ar\/wp-json\/wp\/v2\/pages"}],"about":[{"href":"https:\/\/hoggarshop.com\/ar\/wp-json\/wp\/v2\/types\/page"}],"author":[{"embeddable":true,"href":"https:\/\/hoggarshop.com\/ar\/wp-json\/wp\/v2\/users\/1"}],"replies":[{"embeddable":true,"href":"https:\/\/hoggarshop.com\/ar\/wp-json\/wp\/v2\/comments?post=2578"}],"version-history":[{"count":8,"href":"https:\/\/hoggarshop.com\/ar\/wp-json\/wp\/v2\/pages\/2578\/revisions"}],"predecessor-version":[{"id":2878,"href":"https:\/\/hoggarshop.com\/ar\/wp-json\/wp\/v2\/pages\/2578\/revisions\/2878"}],"wp:attachment":[{"href":"https:\/\/hoggarshop.com\/ar\/wp-json\/wp\/v2\/media?parent=2578"}],"curies":[{"name":"wp","href":"https:\/\/api.w.org\/{rel}","templated":true}]}}