{"id":2568,"date":"2025-06-16T14:23:29","date_gmt":"2025-06-16T14:23:29","guid":{"rendered":"https:\/\/hoggarshop.com\/?page_id=2568"},"modified":"2025-06-24T16:25:47","modified_gmt":"2025-06-24T16:25:47","slug":"petit-electromenager-friteuse","status":"publish","type":"page","link":"https:\/\/hoggarshop.com\/ar\/petit-electromenager-friteuse\/","title":{"rendered":"\u0641\u0631\u064a\u062a\u0648\u0632"},"content":{"rendered":"<div data-elementor-type=\"wp-page\" data-elementor-id=\"2568\" class=\"elementor elementor-2568\">\n\t\t\t\t<div class=\"elementor-element elementor-element-5891305 e-flex e-con-boxed e-con e-parent\" data-id=\"5891305\" data-element_type=\"container\">\n\t\t\t\t\t<div class=\"e-con-inner\">\n\t\t\t\t<div class=\"elementor-element elementor-element-0af1781 elementor-widget elementor-widget-heading\" data-id=\"0af1781\" data-element_type=\"widget\" data-widget_type=\"heading.default\">\n\t\t\t\t<div class=\"elementor-widget-container\">\n\t\t\t\t\t<h3 class=\"elementor-heading-title elementor-size-default\">\u0641\u0631\u064a\u062a\u0648\u0632<\/h3>\t\t\t\t<\/div>\n\t\t\t\t<\/div>\n\t\t\t\t<div class=\"elementor-element elementor-element-2b3be2f elementor-widget elementor-widget-heading\" data-id=\"2b3be2f\" data-element_type=\"widget\" data-widget_type=\"heading.default\">\n\t\t\t\t<div class=\"elementor-widget-container\">\n\t\t\t\t\t<p class=\"elementor-heading-title elementor-size-default\">\u062a\u0633\u0647\u0651\u0644 \u0645\u062c\u0645\u0648\u0639\u0629 \u0627\u0644\u0642\u0644\u0627\u064a\u0627\u062a \u0627\u0644\u062a\u064a \u0646\u0642\u062f\u0651\u0645\u0647\u0627 \u062a\u062d\u0636\u064a\u0631 \u0631\u0642\u0627\u0626\u0642 \u0627\u0644\u0628\u0637\u0627\u0637\u0633 \u0627\u0644\u0645\u0642\u0631\u0645\u0634\u0629 \u0623\u0648 \u0627\u0644\u0641\u0637\u0627\u0626\u0631 \u0627\u0644\u0630\u0647\u0628\u064a\u0629 \u0623\u0648 \u0627\u0644\u0623\u0637\u0628\u0627\u0642 \u0627\u0644\u0644\u0630\u064a\u0630\u0629. \u0633\u0648\u0627\u0621 \u0643\u0627\u0646\u062a \u0643\u0644\u0627\u0633\u064a\u0643\u064a\u0629 \u0623\u0648 \u062e\u0627\u0644\u064a\u0629 \u0645\u0646 \u0627\u0644\u0632\u064a\u062a\u060c \u062a\u062c\u0645\u0639 \u0645\u0648\u062f\u064a\u0644\u0627\u062a\u0646\u0627 \u0628\u064a\u0646 \u0627\u0644\u0623\u062f\u0627\u0621 \u0648\u0627\u0644\u0633\u0644\u0627\u0645\u0629 \u0648\u0633\u0647\u0648\u0644\u0629 \u0627\u0644\u0635\u064a\u0627\u0646\u0629 \u0644\u0644\u062d\u0635\u0648\u0644 \u0639\u0644\u0649 \u0646\u062a\u0627\u0626\u062c \u0644\u0630\u064a\u0630\u0629 \u0641\u064a \u0643\u0644 \u0645\u0631\u0629.\n\n<\/p>\t\t\t\t<\/div>\n\t\t\t\t<\/div>\n\t\t\t\t\t<\/div>\n\t\t\t\t<\/div>\n\t\t<div class=\"elementor-element elementor-element-47ec524 e-con-full e-flex e-con e-child\" data-id=\"47ec524\" data-element_type=\"container\">\n\t\t\t\t<div class=\"elementor-element elementor-element-13a8283 elementor-widget elementor-widget-shortcode\" data-id=\"13a8283\" data-element_type=\"widget\" data-widget_type=\"shortcode.default\">\n\t\t\t\t<div class=\"elementor-widget-container\">\n\t\t\t\t\t\t\t<div class=\"elementor-shortcode\"><div class=\"woocommerce columns-3\"><\/div><\/div>\n\t\t\t\t\t\t<\/div>\n\t\t\t\t<\/div>\n\t\t\t\t<\/div>\n\t\t\t\t<\/div>","protected":false},"excerpt":{"rendered":"<p>friteuse R\u00e9alisez des frites croustillantes, des beignets dor\u00e9s ou des plats savoureux en toute simplicit\u00e9 avec notre gamme de friteuses. Classiques ou sans huile, nos mod\u00e8les allient performance, s\u00e9curit\u00e9 et facilit\u00e9 d\u2019entretien pour des r\u00e9sultats gourmands \u00e0 chaque utilisation.<\/p>","protected":false},"author":1,"featured_media":0,"parent":0,"menu_order":0,"comment_status":"closed","ping_status":"closed","template":"","meta":{"pagelayer_contact_templates":[],"_pagelayer_content":"","site-sidebar-layout":"no-sidebar","site-content-layout":"page-builder","ast-site-content-layout":"full-width-container","site-content-style":"default","site-sidebar-style":"default","ast-global-header-display":"","ast-banner-title-visibility":"","ast-main-header-display":"","ast-hfb-above-header-display":"","ast-hfb-below-header-display":"","ast-hfb-mobile-header-display":"","site-post-title":"disabled","ast-breadcrumbs-content":"","ast-featured-img":"disabled","footer-sml-layout":"","theme-transparent-header-meta":"","adv-header-id-meta":"","stick-header-meta":"","header-above-stick-meta":"","header-main-stick-meta":"","header-below-stick-meta":"","astra-migrate-meta-layouts":"default","ast-page-background-enabled":"default","ast-page-background-meta":{"desktop":{"background-color":"","background-image":"","background-repeat":"repeat","background-position":"center center","background-size":"auto","background-attachment":"scroll","background-type":"","background-media":"","overlay-type":"","overlay-color":"","overlay-opacity":"","overlay-gradient":""},"tablet":{"background-color":"","background-image":"","background-repeat":"repeat","background-position":"center center","background-size":"auto","background-attachment":"scroll","background-type":"","background-media":"","overlay-type":"","overlay-color":"","overlay-opacity":"","overlay-gradient":""},"mobile":{"background-color":"","background-image":"","background-repeat":"repeat","background-position":"center center","background-size":"auto","background-attachment":"scroll","background-type":"","background-media":"","overlay-type":"","overlay-color":"","overlay-opacity":"","overlay-gradient":""}},"ast-content-background-meta":{"desktop":{"background-color":"var(--ast-global-color-5)","background-image":"","background-repeat":"repeat","background-position":"center center","background-size":"auto","background-attachment":"scroll","background-type":"","background-media":"","overlay-type":"","overlay-color":"","overlay-opacity":"","overlay-gradient":""},"tablet":{"background-color":"var(--ast-global-color-5)","background-image":"","background-repeat":"repeat","background-position":"center center","background-size":"auto","background-attachment":"scroll","background-type":"","background-media":"","overlay-type":"","overlay-color":"","overlay-opacity":"","overlay-gradient":""},"mobile":{"background-color":"var(--ast-global-color-5)","background-image":"","background-repeat":"repeat","background-position":"center center","background-size":"auto","background-attachment":"scroll","background-type":"","background-media":"","overlay-type":"","overlay-color":"","overlay-opacity":"","overlay-gradient":""}},"footnotes":""},"class_list":["post-2568","page","type-page","status-publish","hentry"],"_links":{"self":[{"href":"https:\/\/hoggarshop.com\/ar\/wp-json\/wp\/v2\/pages\/2568","targetHints":{"allow":["GET"]}}],"collection":[{"href":"https:\/\/hoggarshop.com\/ar\/wp-json\/wp\/v2\/pages"}],"about":[{"href":"https:\/\/hoggarshop.com\/ar\/wp-json\/wp\/v2\/types\/page"}],"author":[{"embeddable":true,"href":"https:\/\/hoggarshop.com\/ar\/wp-json\/wp\/v2\/users\/1"}],"replies":[{"embeddable":true,"href":"https:\/\/hoggarshop.com\/ar\/wp-json\/wp\/v2\/comments?post=2568"}],"version-history":[{"count":8,"href":"https:\/\/hoggarshop.com\/ar\/wp-json\/wp\/v2\/pages\/2568\/revisions"}],"predecessor-version":[{"id":2871,"href":"https:\/\/hoggarshop.com\/ar\/wp-json\/wp\/v2\/pages\/2568\/revisions\/2871"}],"wp:attachment":[{"href":"https:\/\/hoggarshop.com\/ar\/wp-json\/wp\/v2\/media?parent=2568"}],"curies":[{"name":"wp","href":"https:\/\/api.w.org\/{rel}","templated":true}]}}