{"id":2558,"date":"2025-06-16T14:23:15","date_gmt":"2025-06-16T14:23:15","guid":{"rendered":"https:\/\/hoggarshop.com\/?page_id=2558"},"modified":"2025-06-24T16:21:07","modified_gmt":"2025-06-24T16:21:07","slug":"gros-electromenager-refrigerateur","status":"publish","type":"page","link":"https:\/\/hoggarshop.com\/ar\/gros-electromenager-refrigerateur\/","title":{"rendered":"\u062b\u0644\u0627\u062c\u0629"},"content":{"rendered":"<div data-elementor-type=\"wp-page\" data-elementor-id=\"2558\" class=\"elementor elementor-2558\">\n\t\t\t\t<div class=\"elementor-element elementor-element-7a48149 e-flex e-con-boxed e-con e-parent\" data-id=\"7a48149\" data-element_type=\"container\">\n\t\t\t\t\t<div class=\"e-con-inner\">\n\t\t\t\t<div class=\"elementor-element elementor-element-e4168b3 elementor-widget elementor-widget-heading\" data-id=\"e4168b3\" data-element_type=\"widget\" data-widget_type=\"heading.default\">\n\t\t\t\t<div class=\"elementor-widget-container\">\n\t\t\t\t\t<h3 class=\"elementor-heading-title elementor-size-default\">\u062b\u0644\u0627\u062c\u0629<\/h3>\t\t\t\t<\/div>\n\t\t\t\t<\/div>\n\t\t\t\t<div class=\"elementor-element elementor-element-e26d60f elementor-widget elementor-widget-heading\" data-id=\"e26d60f\" data-element_type=\"widget\" data-widget_type=\"heading.default\">\n\t\t\t\t<div class=\"elementor-widget-container\">\n\t\t\t\t\t<p class=\"elementor-heading-title elementor-size-default\">\u062a\u0635\u0641\u062d \u0645\u062c\u0645\u0648\u0639\u062a\u0646\u0627 \u0627\u0644\u0645\u062e\u062a\u0627\u0631\u0629 \u0645\u0646 \u0627\u0644\u062b\u0644\u0627\u062c\u0627\u062a \u0627\u0644\u062d\u062f\u064a\u062b\u0629 \u0648\u0627\u0644\u0648\u0627\u0633\u0639\u0629 \u0648\u0627\u0644\u0645\u0648\u0641\u0631\u0629 \u0644\u0644\u0637\u0627\u0642\u0629\u060c \u0648\u0627\u0644\u0645\u0635\u0645\u0645\u0629 \u0644\u062a\u0646\u0627\u0633\u0628 \u062c\u0645\u064a\u0639 \u0623\u0646\u0645\u0627\u0637 \u0627\u0644\u062d\u064a\u0627\u0629. \u0633\u0648\u0627\u0621\u064b \u0643\u0627\u0646\u062a \u062b\u0644\u0627\u062c\u0629 \u0645\u0641\u0631\u062f\u0629 \u0623\u0648 \u0645\u0631\u0643\u0628\u0629 \u0623\u0648 \u062b\u0644\u0627\u062c\u0629 \u0623\u0645\u0631\u064a\u0643\u064a\u0629\u060c \u0627\u0639\u062b\u0631 \u0639\u0644\u0649 \u0627\u0644\u0645\u0648\u062f\u064a\u0644 \u0627\u0644\u0645\u062b\u0627\u0644\u064a \u0644\u062a\u062e\u0632\u064a\u0646 \u0637\u0639\u0627\u0645\u0643 \u0641\u064a \u0623\u0641\u0636\u0644 \u0627\u0644\u0638\u0631\u0648\u0641 \u0627\u0644\u0645\u0645\u0643\u0646\u0629\u060c \u0645\u0639 \u0625\u0636\u0627\u0641\u0629 \u0644\u0645\u0633\u0629 \u0645\u0646 \u0627\u0644\u0623\u0646\u0627\u0642\u0629 \u0625\u0644\u0649 \u0645\u0637\u0628\u062e\u0643.<\/p>\t\t\t\t<\/div>\n\t\t\t\t<\/div>\n\t\t\t\t\t<\/div>\n\t\t\t\t<\/div>\n\t\t<div class=\"elementor-element elementor-element-a88fe58 e-con-full e-flex e-con e-child\" data-id=\"a88fe58\" data-element_type=\"container\">\n\t\t\t\t<div class=\"elementor-element elementor-element-f27517a elementor-widget elementor-widget-shortcode\" data-id=\"f27517a\" data-element_type=\"widget\" data-widget_type=\"shortcode.default\">\n\t\t\t\t<div class=\"elementor-widget-container\">\n\t\t\t\t\t\t\t<div class=\"elementor-shortcode\"><div class=\"woocommerce columns-3\"><\/div><\/div>\n\t\t\t\t\t\t<\/div>\n\t\t\t\t<\/div>\n\t\t\t\t<\/div>\n\t\t\t\t<\/div>","protected":false},"excerpt":{"rendered":"<p>r\u00e9frig\u00e9rateurs Parcourez notre s\u00e9lection de r\u00e9frig\u00e9rateurs modernes, spacieux et \u00e9conomes en \u00e9nergie, pens\u00e9s pour s\u2019adapter \u00e0 tous les styles de vie. R\u00e9frig\u00e9rateurs simples, combin\u00e9s ou am\u00e9ricains, trouvez le mod\u00e8le id\u00e9al pour conserver vos aliments dans les meilleures conditions, tout en apportant une touche d\u2019\u00e9l\u00e9gance \u00e0 votre cuisine.<\/p>","protected":false},"author":1,"featured_media":0,"parent":0,"menu_order":0,"comment_status":"closed","ping_status":"closed","template":"","meta":{"pagelayer_contact_templates":[],"_pagelayer_content":"","site-sidebar-layout":"no-sidebar","site-content-layout":"page-builder","ast-site-content-layout":"full-width-container","site-content-style":"default","site-sidebar-style":"default","ast-global-header-display":"","ast-banner-title-visibility":"","ast-main-header-display":"","ast-hfb-above-header-display":"","ast-hfb-below-header-display":"","ast-hfb-mobile-header-display":"","site-post-title":"disabled","ast-breadcrumbs-content":"","ast-featured-img":"disabled","footer-sml-layout":"","theme-transparent-header-meta":"","adv-header-id-meta":"","stick-header-meta":"","header-above-stick-meta":"","header-main-stick-meta":"","header-below-stick-meta":"","astra-migrate-meta-layouts":"default","ast-page-background-enabled":"default","ast-page-background-meta":{"desktop":{"background-color":"","background-image":"","background-repeat":"repeat","background-position":"center center","background-size":"auto","background-attachment":"scroll","background-type":"","background-media":"","overlay-type":"","overlay-color":"","overlay-opacity":"","overlay-gradient":""},"tablet":{"background-color":"","background-image":"","background-repeat":"repeat","background-position":"center center","background-size":"auto","background-attachment":"scroll","background-type":"","background-media":"","overlay-type":"","overlay-color":"","overlay-opacity":"","overlay-gradient":""},"mobile":{"background-color":"","background-image":"","background-repeat":"repeat","background-position":"center center","background-size":"auto","background-attachment":"scroll","background-type":"","background-media":"","overlay-type":"","overlay-color":"","overlay-opacity":"","overlay-gradient":""}},"ast-content-background-meta":{"desktop":{"background-color":"var(--ast-global-color-5)","background-image":"","background-repeat":"repeat","background-position":"center center","background-size":"auto","background-attachment":"scroll","background-type":"","background-media":"","overlay-type":"","overlay-color":"","overlay-opacity":"","overlay-gradient":""},"tablet":{"background-color":"var(--ast-global-color-5)","background-image":"","background-repeat":"repeat","background-position":"center center","background-size":"auto","background-attachment":"scroll","background-type":"","background-media":"","overlay-type":"","overlay-color":"","overlay-opacity":"","overlay-gradient":""},"mobile":{"background-color":"var(--ast-global-color-5)","background-image":"","background-repeat":"repeat","background-position":"center center","background-size":"auto","background-attachment":"scroll","background-type":"","background-media":"","overlay-type":"","overlay-color":"","overlay-opacity":"","overlay-gradient":""}},"footnotes":""},"class_list":["post-2558","page","type-page","status-publish","hentry"],"_links":{"self":[{"href":"https:\/\/hoggarshop.com\/ar\/wp-json\/wp\/v2\/pages\/2558","targetHints":{"allow":["GET"]}}],"collection":[{"href":"https:\/\/hoggarshop.com\/ar\/wp-json\/wp\/v2\/pages"}],"about":[{"href":"https:\/\/hoggarshop.com\/ar\/wp-json\/wp\/v2\/types\/page"}],"author":[{"embeddable":true,"href":"https:\/\/hoggarshop.com\/ar\/wp-json\/wp\/v2\/users\/1"}],"replies":[{"embeddable":true,"href":"https:\/\/hoggarshop.com\/ar\/wp-json\/wp\/v2\/comments?post=2558"}],"version-history":[{"count":11,"href":"https:\/\/hoggarshop.com\/ar\/wp-json\/wp\/v2\/pages\/2558\/revisions"}],"predecessor-version":[{"id":2868,"href":"https:\/\/hoggarshop.com\/ar\/wp-json\/wp\/v2\/pages\/2558\/revisions\/2868"}],"wp:attachment":[{"href":"https:\/\/hoggarshop.com\/ar\/wp-json\/wp\/v2\/media?parent=2558"}],"curies":[{"name":"wp","href":"https:\/\/api.w.org\/{rel}","templated":true}]}}