{"id":2548,"date":"2025-06-16T14:22:53","date_gmt":"2025-06-16T14:22:53","guid":{"rendered":"https:\/\/hoggarshop.com\/?page_id=2548"},"modified":"2025-06-24T16:08:37","modified_gmt":"2025-06-24T16:08:37","slug":"gros-electromenager-lave-vaisselle","status":"publish","type":"page","link":"https:\/\/hoggarshop.com\/ar\/gros-electromenager-lave-vaisselle\/","title":{"rendered":"\u063a\u0633\u0627\u0644\u0629 \u0627\u0644\u0635\u062d\u0648\u0646"},"content":{"rendered":"<div data-elementor-type=\"wp-page\" data-elementor-id=\"2548\" class=\"elementor elementor-2548\">\n\t\t\t\t<div class=\"elementor-element elementor-element-a21a103 e-flex e-con-boxed e-con e-parent\" data-id=\"a21a103\" data-element_type=\"container\">\n\t\t\t\t\t<div class=\"e-con-inner\">\n\t\t\t\t<div class=\"elementor-element elementor-element-2f1678c elementor-widget elementor-widget-heading\" data-id=\"2f1678c\" data-element_type=\"widget\" data-widget_type=\"heading.default\">\n\t\t\t\t<div class=\"elementor-widget-container\">\n\t\t\t\t\t<h3 class=\"elementor-heading-title elementor-size-default\">\u063a\u0633\u0627\u0644\u0629 \u0627\u0644\u0635\u062d\u0648\u0646<\/h3>\t\t\t\t<\/div>\n\t\t\t\t<\/div>\n\t\t\t\t<div class=\"elementor-element elementor-element-f55068f elementor-widget elementor-widget-heading\" data-id=\"f55068f\" data-element_type=\"widget\" data-widget_type=\"heading.default\">\n\t\t\t\t<div class=\"elementor-widget-container\">\n\t\t\t\t\t<p class=\"elementor-heading-title elementor-size-default\">\u0648\u0641\u0631 \u0627\u0644\u0648\u0642\u062a \u0643\u0644 \u064a\u0648\u0645 \u0645\u0639 \u0645\u062c\u0645\u0648\u0639\u062a\u0646\u0627 \u0627\u0644\u0645\u062e\u062a\u0627\u0631\u0629 \u0645\u0646 \u063a\u0633\u0627\u0644\u0627\u062a \u0627\u0644\u0635\u062d\u0648\u0646 \u0627\u0644\u0641\u0639\u0627\u0644\u0629 \u0648\u0627\u0644\u0647\u0627\u062f\u0626\u0629 \u0648\u0627\u0644\u0627\u0642\u062a\u0635\u0627\u062f\u064a\u0629. \u0633\u0648\u0627\u0621 \u0643\u0627\u0646\u062a \u0642\u0627\u0626\u0645\u0629 \u0628\u0630\u0627\u062a\u0647\u0627 \u0623\u0648 \u0645\u062f\u0645\u062c\u0629\u060c \u0641\u0625\u0646 \u0645\u0648\u062f\u064a\u0644\u0627\u062a\u0646\u0627 \u062a\u062a\u0646\u0627\u0633\u0628 \u0645\u0639 \u0623\u064a \u0645\u0637\u0628\u062e \u0648\u062a\u0636\u0645\u0646 \u0644\u0643 \u0623\u0637\u0628\u0627\u0642\u0627\u064b \u0646\u0638\u064a\u0641\u0629 \u0645\u062a\u0623\u0644\u0642\u0629 \u0641\u064a \u0643\u0644 \u0645\u0631\u0629.<\/p>\t\t\t\t<\/div>\n\t\t\t\t<\/div>\n\t\t\t\t\t<\/div>\n\t\t\t\t<\/div>\n\t\t<div class=\"elementor-element elementor-element-9751608 e-con-full e-flex e-con e-child\" data-id=\"9751608\" data-element_type=\"container\">\n\t\t\t\t<div class=\"elementor-element elementor-element-8e1e307 elementor-widget elementor-widget-shortcode\" data-id=\"8e1e307\" data-element_type=\"widget\" data-widget_type=\"shortcode.default\">\n\t\t\t\t<div class=\"elementor-widget-container\">\n\t\t\t\t\t\t\t<div class=\"elementor-shortcode\"><div class=\"woocommerce columns-3\"><\/div><\/div>\n\t\t\t\t\t\t<\/div>\n\t\t\t\t<\/div>\n\t\t\t\t<\/div>\n\t\t\t\t<\/div>","protected":false},"excerpt":{"rendered":"<p>lave-vaisselle Offrez-vous un gain de temps au quotidien avec notre s\u00e9lection de lave-vaisselle efficaces, silencieux et \u00e9conomiques. En pose libre ou encastrables, nos mod\u00e8les s\u2019adaptent \u00e0 toutes les cuisines et assurent une vaisselle propre et \u00e9tincelante, \u00e0 chaque lavage.<\/p>","protected":false},"author":1,"featured_media":0,"parent":0,"menu_order":0,"comment_status":"closed","ping_status":"closed","template":"","meta":{"pagelayer_contact_templates":[],"_pagelayer_content":"","site-sidebar-layout":"no-sidebar","site-content-layout":"page-builder","ast-site-content-layout":"full-width-container","site-content-style":"default","site-sidebar-style":"default","ast-global-header-display":"","ast-banner-title-visibility":"","ast-main-header-display":"","ast-hfb-above-header-display":"","ast-hfb-below-header-display":"","ast-hfb-mobile-header-display":"","site-post-title":"disabled","ast-breadcrumbs-content":"","ast-featured-img":"disabled","footer-sml-layout":"","theme-transparent-header-meta":"","adv-header-id-meta":"","stick-header-meta":"","header-above-stick-meta":"","header-main-stick-meta":"","header-below-stick-meta":"","astra-migrate-meta-layouts":"default","ast-page-background-enabled":"default","ast-page-background-meta":{"desktop":{"background-color":"","background-image":"","background-repeat":"repeat","background-position":"center center","background-size":"auto","background-attachment":"scroll","background-type":"","background-media":"","overlay-type":"","overlay-color":"","overlay-opacity":"","overlay-gradient":""},"tablet":{"background-color":"","background-image":"","background-repeat":"repeat","background-position":"center center","background-size":"auto","background-attachment":"scroll","background-type":"","background-media":"","overlay-type":"","overlay-color":"","overlay-opacity":"","overlay-gradient":""},"mobile":{"background-color":"","background-image":"","background-repeat":"repeat","background-position":"center center","background-size":"auto","background-attachment":"scroll","background-type":"","background-media":"","overlay-type":"","overlay-color":"","overlay-opacity":"","overlay-gradient":""}},"ast-content-background-meta":{"desktop":{"background-color":"var(--ast-global-color-5)","background-image":"","background-repeat":"repeat","background-position":"center center","background-size":"auto","background-attachment":"scroll","background-type":"","background-media":"","overlay-type":"","overlay-color":"","overlay-opacity":"","overlay-gradient":""},"tablet":{"background-color":"var(--ast-global-color-5)","background-image":"","background-repeat":"repeat","background-position":"center center","background-size":"auto","background-attachment":"scroll","background-type":"","background-media":"","overlay-type":"","overlay-color":"","overlay-opacity":"","overlay-gradient":""},"mobile":{"background-color":"var(--ast-global-color-5)","background-image":"","background-repeat":"repeat","background-position":"center center","background-size":"auto","background-attachment":"scroll","background-type":"","background-media":"","overlay-type":"","overlay-color":"","overlay-opacity":"","overlay-gradient":""}},"footnotes":""},"class_list":["post-2548","page","type-page","status-publish","hentry"],"_links":{"self":[{"href":"https:\/\/hoggarshop.com\/ar\/wp-json\/wp\/v2\/pages\/2548","targetHints":{"allow":["GET"]}}],"collection":[{"href":"https:\/\/hoggarshop.com\/ar\/wp-json\/wp\/v2\/pages"}],"about":[{"href":"https:\/\/hoggarshop.com\/ar\/wp-json\/wp\/v2\/types\/page"}],"author":[{"embeddable":true,"href":"https:\/\/hoggarshop.com\/ar\/wp-json\/wp\/v2\/users\/1"}],"replies":[{"embeddable":true,"href":"https:\/\/hoggarshop.com\/ar\/wp-json\/wp\/v2\/comments?post=2548"}],"version-history":[{"count":8,"href":"https:\/\/hoggarshop.com\/ar\/wp-json\/wp\/v2\/pages\/2548\/revisions"}],"predecessor-version":[{"id":2855,"href":"https:\/\/hoggarshop.com\/ar\/wp-json\/wp\/v2\/pages\/2548\/revisions\/2855"}],"wp:attachment":[{"href":"https:\/\/hoggarshop.com\/ar\/wp-json\/wp\/v2\/media?parent=2548"}],"curies":[{"name":"wp","href":"https:\/\/api.w.org\/{rel}","templated":true}]}}