{"id":2543,"date":"2025-06-16T14:22:45","date_gmt":"2025-06-16T14:22:45","guid":{"rendered":"https:\/\/hoggarshop.com\/?page_id=2543"},"modified":"2025-06-24T16:06:24","modified_gmt":"2025-06-24T16:06:24","slug":"gros-electromenager-machine-a-laver","status":"publish","type":"page","link":"https:\/\/hoggarshop.com\/ar\/gros-electromenager-machine-a-laver\/","title":{"rendered":"\u063a\u0633\u0627\u0644\u0629 \u0645\u0644\u0627\u0628\u0633"},"content":{"rendered":"<div data-elementor-type=\"wp-page\" data-elementor-id=\"2543\" class=\"elementor elementor-2543\">\n\t\t\t\t<div class=\"elementor-element elementor-element-53a3fa8 e-flex e-con-boxed e-con e-parent\" data-id=\"53a3fa8\" data-element_type=\"container\">\n\t\t\t\t\t<div class=\"e-con-inner\">\n\t\t\t\t<div class=\"elementor-element elementor-element-8c0ace4 elementor-widget elementor-widget-heading\" data-id=\"8c0ace4\" data-element_type=\"widget\" data-widget_type=\"heading.default\">\n\t\t\t\t<div class=\"elementor-widget-container\">\n\t\t\t\t\t<h3 class=\"elementor-heading-title elementor-size-default\"> \u063a\u0633\u0627\u0644\u0629 \u0645\u0644\u0627\u0628\u0633<\/h3>\t\t\t\t<\/div>\n\t\t\t\t<\/div>\n\t\t\t\t<div class=\"elementor-element elementor-element-032241b elementor-widget elementor-widget-heading\" data-id=\"032241b\" data-element_type=\"widget\" data-widget_type=\"heading.default\">\n\t\t\t\t<div class=\"elementor-widget-container\">\n\t\t\t\t\t<p class=\"elementor-heading-title elementor-size-default\">\u0627\u0643\u062a\u0634\u0641 \u0645\u062c\u0645\u0648\u0639\u062a\u0646\u0627 \u0627\u0644\u0645\u062e\u062a\u0627\u0631\u0629 \u0645\u0646 \u0627\u0644\u063a\u0633\u0627\u0644\u0627\u062a \u0639\u0627\u0644\u064a\u0629 \u0627\u0644\u0623\u062f\u0627\u0621 \u0648\u0627\u0644\u0647\u0627\u062f\u0626\u0629 \u0648\u0627\u0644\u0645\u0648\u0641\u0631\u0629 \u0644\u0644\u0637\u0627\u0642\u0629 \u0627\u0644\u062a\u064a \u062a\u0646\u0627\u0633\u0628 \u0643\u0644 \u0645\u0646\u0632\u0644. \u0633\u0648\u0627\u0621\u064b \u0643\u0627\u0646\u062a \u0627\u0644\u063a\u0633\u0627\u0644\u0629 \u0630\u0627\u062a \u0641\u062a\u062d\u0629 \u0623\u0648 \u0645\u0648\u062f\u064a\u0644 \u0627\u0644\u062a\u062d\u0645\u064a\u0644 \u0627\u0644\u0639\u0644\u0648\u064a\u060c \u064a\u0645\u0643\u0646\u0643 \u062a\u0628\u0633\u064a\u0637 \u0631\u0648\u062a\u064a\u0646 \u0627\u0644\u063a\u0633\u064a\u0644 \u0627\u0644\u062e\u0627\u0635 \u0628\u0643 \u0645\u0639 \u0627\u0644\u062a\u0642\u0646\u064a\u0627\u062a \u0627\u0644\u0645\u0628\u062a\u0643\u0631\u0629 \u0644\u063a\u0633\u064a\u0644 \u0644\u0627 \u062a\u0634\u0648\u0628\u0647 \u0634\u0627\u0626\u0628\u0629 \u0641\u064a \u0643\u0644 \u062f\u0648\u0631\u0629.<\/p>\t\t\t\t<\/div>\n\t\t\t\t<\/div>\n\t\t\t\t\t<\/div>\n\t\t\t\t<\/div>\n\t\t<div class=\"elementor-element elementor-element-114f5b8 e-con-full e-flex e-con e-child\" data-id=\"114f5b8\" data-element_type=\"container\">\n\t\t\t\t<div class=\"elementor-element elementor-element-31a4a7e elementor-widget elementor-widget-shortcode\" data-id=\"31a4a7e\" data-element_type=\"widget\" data-widget_type=\"shortcode.default\">\n\t\t\t\t<div class=\"elementor-widget-container\">\n\t\t\t\t\t\t\t<div class=\"elementor-shortcode\"><div class=\"woocommerce columns-3\"><\/div><\/div>\n\t\t\t\t\t\t<\/div>\n\t\t\t\t<\/div>\n\t\t\t\t<\/div>\n\t\t\t\t<\/div>","protected":false},"excerpt":{"rendered":"<p>machines \u00e0 laver D\u00e9couvrez notre s\u00e9lection de machines \u00e0 laver performantes, silencieuses et \u00e9conomes en \u00e9nergie, adapt\u00e9es \u00e0 tous les foyers. Qu&rsquo;il s&rsquo;agisse d\u2019un mod\u00e8le \u00e0 hublot ou \u00e0 chargement par le dessus, simplifiez votre routine de lavage avec des technologies innovantes pour un linge impeccable \u00e0 chaque cycle.<\/p>","protected":false},"author":1,"featured_media":0,"parent":0,"menu_order":0,"comment_status":"closed","ping_status":"closed","template":"","meta":{"pagelayer_contact_templates":[],"_pagelayer_content":"","site-sidebar-layout":"no-sidebar","site-content-layout":"page-builder","ast-site-content-layout":"full-width-container","site-content-style":"default","site-sidebar-style":"default","ast-global-header-display":"","ast-banner-title-visibility":"","ast-main-header-display":"","ast-hfb-above-header-display":"","ast-hfb-below-header-display":"","ast-hfb-mobile-header-display":"","site-post-title":"disabled","ast-breadcrumbs-content":"","ast-featured-img":"disabled","footer-sml-layout":"","theme-transparent-header-meta":"","adv-header-id-meta":"","stick-header-meta":"","header-above-stick-meta":"","header-main-stick-meta":"","header-below-stick-meta":"","astra-migrate-meta-layouts":"default","ast-page-background-enabled":"default","ast-page-background-meta":{"desktop":{"background-color":"","background-image":"","background-repeat":"repeat","background-position":"center center","background-size":"auto","background-attachment":"scroll","background-type":"","background-media":"","overlay-type":"","overlay-color":"","overlay-opacity":"","overlay-gradient":""},"tablet":{"background-color":"","background-image":"","background-repeat":"repeat","background-position":"center center","background-size":"auto","background-attachment":"scroll","background-type":"","background-media":"","overlay-type":"","overlay-color":"","overlay-opacity":"","overlay-gradient":""},"mobile":{"background-color":"","background-image":"","background-repeat":"repeat","background-position":"center center","background-size":"auto","background-attachment":"scroll","background-type":"","background-media":"","overlay-type":"","overlay-color":"","overlay-opacity":"","overlay-gradient":""}},"ast-content-background-meta":{"desktop":{"background-color":"var(--ast-global-color-5)","background-image":"","background-repeat":"repeat","background-position":"center center","background-size":"auto","background-attachment":"scroll","background-type":"","background-media":"","overlay-type":"","overlay-color":"","overlay-opacity":"","overlay-gradient":""},"tablet":{"background-color":"var(--ast-global-color-5)","background-image":"","background-repeat":"repeat","background-position":"center center","background-size":"auto","background-attachment":"scroll","background-type":"","background-media":"","overlay-type":"","overlay-color":"","overlay-opacity":"","overlay-gradient":""},"mobile":{"background-color":"var(--ast-global-color-5)","background-image":"","background-repeat":"repeat","background-position":"center center","background-size":"auto","background-attachment":"scroll","background-type":"","background-media":"","overlay-type":"","overlay-color":"","overlay-opacity":"","overlay-gradient":""}},"footnotes":""},"class_list":["post-2543","page","type-page","status-publish","hentry"],"_links":{"self":[{"href":"https:\/\/hoggarshop.com\/ar\/wp-json\/wp\/v2\/pages\/2543","targetHints":{"allow":["GET"]}}],"collection":[{"href":"https:\/\/hoggarshop.com\/ar\/wp-json\/wp\/v2\/pages"}],"about":[{"href":"https:\/\/hoggarshop.com\/ar\/wp-json\/wp\/v2\/types\/page"}],"author":[{"embeddable":true,"href":"https:\/\/hoggarshop.com\/ar\/wp-json\/wp\/v2\/users\/1"}],"replies":[{"embeddable":true,"href":"https:\/\/hoggarshop.com\/ar\/wp-json\/wp\/v2\/comments?post=2543"}],"version-history":[{"count":8,"href":"https:\/\/hoggarshop.com\/ar\/wp-json\/wp\/v2\/pages\/2543\/revisions"}],"predecessor-version":[{"id":2852,"href":"https:\/\/hoggarshop.com\/ar\/wp-json\/wp\/v2\/pages\/2543\/revisions\/2852"}],"wp:attachment":[{"href":"https:\/\/hoggarshop.com\/ar\/wp-json\/wp\/v2\/media?parent=2543"}],"curies":[{"name":"wp","href":"https:\/\/api.w.org\/{rel}","templated":true}]}}