{"id":2538,"date":"2025-06-16T14:22:38","date_gmt":"2025-06-16T14:22:38","guid":{"rendered":"https:\/\/hoggarshop.com\/?page_id=2538"},"modified":"2025-06-24T16:03:48","modified_gmt":"2025-06-24T16:03:48","slug":"gros-electromenager-cuisiniere","status":"publish","type":"page","link":"https:\/\/hoggarshop.com\/ar\/gros-electromenager-cuisiniere\/","title":{"rendered":"\u0637\u0628\u0627\u062e\u0629"},"content":{"rendered":"<div data-elementor-type=\"wp-page\" data-elementor-id=\"2538\" class=\"elementor elementor-2538\">\n\t\t\t\t<div class=\"elementor-element elementor-element-cdff03f e-flex e-con-boxed e-con e-parent\" data-id=\"cdff03f\" data-element_type=\"container\">\n\t\t\t\t\t<div class=\"e-con-inner\">\n\t\t\t\t<div class=\"elementor-element elementor-element-fd9a649 elementor-widget elementor-widget-heading\" data-id=\"fd9a649\" data-element_type=\"widget\" data-widget_type=\"heading.default\">\n\t\t\t\t<div class=\"elementor-widget-container\">\n\t\t\t\t\t<h3 class=\"elementor-heading-title elementor-size-default\">\u0637\u0628\u0627\u062e\u0629 <\/h3>\t\t\t\t<\/div>\n\t\t\t\t<\/div>\n\t\t\t\t<div class=\"elementor-element elementor-element-f5539b8 elementor-widget elementor-widget-heading\" data-id=\"f5539b8\" data-element_type=\"widget\" data-widget_type=\"heading.default\">\n\t\t\t\t<div class=\"elementor-widget-container\">\n\t\t\t\t\t<p class=\"elementor-heading-title elementor-size-default\">\u0627\u0639\u062b\u0631 \u0639\u0644\u0649 \u0627\u0644\u0637\u0628\u0627\u062e \u0627\u0644\u0645\u062b\u0627\u0644\u064a \u0645\u0646 \u0628\u064a\u0646 \u0645\u062c\u0645\u0648\u0639\u062a\u0646\u0627 \u0627\u0644\u0648\u0627\u0633\u0639\u0629 \u0645\u0646 \u0627\u0644\u0645\u0648\u062f\u064a\u0644\u0627\u062a \u0627\u0644\u062a\u064a \u062a\u062c\u0645\u0639 \u0628\u064a\u0646 \u0627\u0644\u0623\u062f\u0627\u0621 \u0648\u0627\u0644\u062a\u0635\u0645\u064a\u0645 \u0648\u0627\u0644\u062a\u0637\u0628\u064a\u0642 \u0627\u0644\u0639\u0645\u0644\u064a. \u0633\u0648\u0627\u0621 \u0643\u0627\u0646\u062a \u062a\u0639\u0645\u0644 \u0628\u0627\u0644\u063a\u0627\u0632 \u0623\u0648 \u0627\u0644\u0643\u0647\u0631\u0628\u0627\u0621 \u0623\u0648 \u0627\u0644\u0643\u0648\u0645\u0628\u064a\u060c \u0641\u0625\u0646 \u0623\u0641\u0631\u0627\u0646\u0646\u0627 \u0645\u0635\u0645\u0645\u0629 \u0644\u062a\u0628\u0633\u064a\u0637 \u062d\u064a\u0627\u062a\u0643 \u0627\u0644\u064a\u0648\u0645\u064a\u0629 \u0648\u062a\u062d\u0633\u064a\u0646 \u062c\u0645\u064a\u0639 \u0648\u0635\u0641\u0627\u062a\u0643\u060c \u0645\u0646 \u0623\u0628\u0633\u0637 \u0627\u0644\u0648\u0635\u0641\u0627\u062a \u0625\u0644\u0649 \u0623\u0643\u062b\u0631\u0647\u0627 \u0630\u0648\u0642\u064b\u0627.\n\n<\/p>\t\t\t\t<\/div>\n\t\t\t\t<\/div>\n\t\t\t\t\t<\/div>\n\t\t\t\t<\/div>\n\t\t<div class=\"elementor-element elementor-element-7a947bf e-con-full e-flex e-con e-child\" data-id=\"7a947bf\" data-element_type=\"container\">\n\t\t\t\t<div class=\"elementor-element elementor-element-9d224f2 elementor-widget elementor-widget-shortcode\" data-id=\"9d224f2\" data-element_type=\"widget\" data-widget_type=\"shortcode.default\">\n\t\t\t\t<div class=\"elementor-widget-container\">\n\t\t\t\t\t\t\t<div class=\"elementor-shortcode\"><div class=\"woocommerce columns-3\"><\/div><\/div>\n\t\t\t\t\t\t<\/div>\n\t\t\t\t<\/div>\n\t\t\t\t<\/div>\n\t\t\t\t<\/div>","protected":false},"excerpt":{"rendered":"<p>cuisini\u00e8re Trouvez la cuisini\u00e8re id\u00e9ale parmi notre large gamme de mod\u00e8les alliant performance, design et praticit\u00e9. \u00c0 gaz, \u00e9lectrique ou mixte, nos cuisini\u00e8res sont pens\u00e9es pour simplifier votre quotidien et sublimer toutes vos recettes, des plus simples aux plus gourmandes.<\/p>","protected":false},"author":1,"featured_media":0,"parent":0,"menu_order":0,"comment_status":"closed","ping_status":"closed","template":"","meta":{"pagelayer_contact_templates":[],"_pagelayer_content":"","site-sidebar-layout":"no-sidebar","site-content-layout":"page-builder","ast-site-content-layout":"full-width-container","site-content-style":"default","site-sidebar-style":"default","ast-global-header-display":"","ast-banner-title-visibility":"","ast-main-header-display":"","ast-hfb-above-header-display":"","ast-hfb-below-header-display":"","ast-hfb-mobile-header-display":"","site-post-title":"disabled","ast-breadcrumbs-content":"","ast-featured-img":"disabled","footer-sml-layout":"","theme-transparent-header-meta":"","adv-header-id-meta":"","stick-header-meta":"","header-above-stick-meta":"","header-main-stick-meta":"","header-below-stick-meta":"","astra-migrate-meta-layouts":"default","ast-page-background-enabled":"default","ast-page-background-meta":{"desktop":{"background-color":"","background-image":"","background-repeat":"repeat","background-position":"center center","background-size":"auto","background-attachment":"scroll","background-type":"","background-media":"","overlay-type":"","overlay-color":"","overlay-opacity":"","overlay-gradient":""},"tablet":{"background-color":"","background-image":"","background-repeat":"repeat","background-position":"center center","background-size":"auto","background-attachment":"scroll","background-type":"","background-media":"","overlay-type":"","overlay-color":"","overlay-opacity":"","overlay-gradient":""},"mobile":{"background-color":"","background-image":"","background-repeat":"repeat","background-position":"center center","background-size":"auto","background-attachment":"scroll","background-type":"","background-media":"","overlay-type":"","overlay-color":"","overlay-opacity":"","overlay-gradient":""}},"ast-content-background-meta":{"desktop":{"background-color":"var(--ast-global-color-5)","background-image":"","background-repeat":"repeat","background-position":"center center","background-size":"auto","background-attachment":"scroll","background-type":"","background-media":"","overlay-type":"","overlay-color":"","overlay-opacity":"","overlay-gradient":""},"tablet":{"background-color":"var(--ast-global-color-5)","background-image":"","background-repeat":"repeat","background-position":"center center","background-size":"auto","background-attachment":"scroll","background-type":"","background-media":"","overlay-type":"","overlay-color":"","overlay-opacity":"","overlay-gradient":""},"mobile":{"background-color":"var(--ast-global-color-5)","background-image":"","background-repeat":"repeat","background-position":"center center","background-size":"auto","background-attachment":"scroll","background-type":"","background-media":"","overlay-type":"","overlay-color":"","overlay-opacity":"","overlay-gradient":""}},"footnotes":""},"class_list":["post-2538","page","type-page","status-publish","hentry"],"_links":{"self":[{"href":"https:\/\/hoggarshop.com\/ar\/wp-json\/wp\/v2\/pages\/2538","targetHints":{"allow":["GET"]}}],"collection":[{"href":"https:\/\/hoggarshop.com\/ar\/wp-json\/wp\/v2\/pages"}],"about":[{"href":"https:\/\/hoggarshop.com\/ar\/wp-json\/wp\/v2\/types\/page"}],"author":[{"embeddable":true,"href":"https:\/\/hoggarshop.com\/ar\/wp-json\/wp\/v2\/users\/1"}],"replies":[{"embeddable":true,"href":"https:\/\/hoggarshop.com\/ar\/wp-json\/wp\/v2\/comments?post=2538"}],"version-history":[{"count":8,"href":"https:\/\/hoggarshop.com\/ar\/wp-json\/wp\/v2\/pages\/2538\/revisions"}],"predecessor-version":[{"id":2849,"href":"https:\/\/hoggarshop.com\/ar\/wp-json\/wp\/v2\/pages\/2538\/revisions\/2849"}],"wp:attachment":[{"href":"https:\/\/hoggarshop.com\/ar\/wp-json\/wp\/v2\/media?parent=2538"}],"curies":[{"name":"wp","href":"https:\/\/api.w.org\/{rel}","templated":true}]}}