{"id":2528,"date":"2025-06-16T14:22:21","date_gmt":"2025-06-16T14:22:21","guid":{"rendered":"https:\/\/hoggarshop.com\/?page_id=2528"},"modified":"2025-06-24T16:00:00","modified_gmt":"2025-06-24T16:00:00","slug":"gros-electromenager-climatiseurs","status":"publish","type":"page","link":"https:\/\/hoggarshop.com\/ar\/gros-electromenager-climatiseurs\/","title":{"rendered":"\u0645\u0643\u064a\u0641\u0627\u062a \u0627\u0644\u0647\u0648\u0627\u0621"},"content":{"rendered":"<div data-elementor-type=\"wp-page\" data-elementor-id=\"2528\" class=\"elementor elementor-2528\">\n\t\t\t\t<div class=\"elementor-element elementor-element-4093190 e-flex e-con-boxed e-con e-parent\" data-id=\"4093190\" data-element_type=\"container\">\n\t\t\t\t\t<div class=\"e-con-inner\">\n\t\t\t\t<div class=\"elementor-element elementor-element-ac16d24 elementor-widget elementor-widget-heading\" data-id=\"ac16d24\" data-element_type=\"widget\" data-widget_type=\"heading.default\">\n\t\t\t\t<div class=\"elementor-widget-container\">\n\t\t\t\t\t<h3 class=\"elementor-heading-title elementor-size-default\">\u0645\u0643\u064a\u0641\u0627\u062a \u0627\u0644\u0647\u0648\u0627\u0621<\/h3>\t\t\t\t<\/div>\n\t\t\t\t<\/div>\n\t\t\t\t<div class=\"elementor-element elementor-element-75ceb53 elementor-widget elementor-widget-heading\" data-id=\"75ceb53\" data-element_type=\"widget\" data-widget_type=\"heading.default\">\n\t\t\t\t<div class=\"elementor-widget-container\">\n\t\t\t\t\t<p class=\"elementor-heading-title elementor-size-default\">\u0627\u0633\u062a\u0641\u062f \u0645\u0646 \u0645\u062c\u0645\u0648\u0639\u0629 \u0643\u0628\u064a\u0631\u0629 \u0645\u0646 \u0645\u0643\u064a\u0641\u0627\u062a \u0627\u0644\u0647\u0648\u0627\u0621 \u0639\u0627\u0644\u064a\u0629 \u0627\u0644\u0623\u062f\u0627\u0621 \u0648\u0627\u0644\u0635\u0627\u0645\u062a\u0629 \u0648\u0627\u0644\u0645\u0648\u0641\u0631\u0629 \u0644\u0644\u0637\u0627\u0642\u0629 \u0644\u062a\u0628\u0631\u064a\u062f \u0645\u0646\u0632\u0644\u0643 \u0628\u0643\u0644 \u0633\u0647\u0648\u0644\u0629. \u0633\u0648\u0627\u0621\u064b \u0644\u0645\u0646\u0632\u0644\u0643 \u0623\u0648 \u0645\u0643\u062a\u0628\u0643 \u0623\u0648 \u0639\u0645\u0644\u0643\u060c \u0627\u0639\u062b\u0631 \u0639\u0644\u0649 \u0627\u0644\u062d\u0644 \u0627\u0644\u0645\u062b\u0627\u0644\u064a \u0644\u0631\u0627\u062d\u0629 \u0645\u062b\u0627\u0644\u064a\u0629 \u062d\u062a\u0649 \u0641\u064a \u0623\u0634\u062f \u0627\u0644\u0623\u064a\u0627\u0645 \u062d\u0631\u0627\u0631\u0629.\n<\/p>\t\t\t\t<\/div>\n\t\t\t\t<\/div>\n\t\t\t\t\t<\/div>\n\t\t\t\t<\/div>\n\t\t<div class=\"elementor-element elementor-element-6566371 e-con-full e-flex e-con e-child\" data-id=\"6566371\" data-element_type=\"container\">\n\t\t\t\t<div class=\"elementor-element elementor-element-8abed0e elementor-widget elementor-widget-shortcode\" data-id=\"8abed0e\" data-element_type=\"widget\" data-widget_type=\"shortcode.default\">\n\t\t\t\t<div class=\"elementor-widget-container\">\n\t\t\t\t\t\t\t<div class=\"elementor-shortcode\"><div class=\"woocommerce columns-3\"><\/div><\/div>\n\t\t\t\t\t\t<\/div>\n\t\t\t\t<\/div>\n\t\t\t\t<\/div>\n\t\t\t\t<\/div>","protected":false},"excerpt":{"rendered":"<p>climatiseurs Profitez d\u2019une large gamme de climatiseurs performants, silencieux et \u00e9conomes en \u00e9nergie pour rafra\u00eechir votre int\u00e9rieur en toute simplicit\u00e9. Que ce soit pour votre maison, bureau ou commerce, trouvez la solution id\u00e9ale pour un confort optimal, m\u00eame pendant les journ\u00e9es les plus chaudes.<\/p>","protected":false},"author":1,"featured_media":0,"parent":0,"menu_order":0,"comment_status":"closed","ping_status":"closed","template":"","meta":{"pagelayer_contact_templates":[],"_pagelayer_content":"","site-sidebar-layout":"no-sidebar","site-content-layout":"page-builder","ast-site-content-layout":"full-width-container","site-content-style":"default","site-sidebar-style":"default","ast-global-header-display":"","ast-banner-title-visibility":"","ast-main-header-display":"","ast-hfb-above-header-display":"","ast-hfb-below-header-display":"","ast-hfb-mobile-header-display":"","site-post-title":"disabled","ast-breadcrumbs-content":"","ast-featured-img":"disabled","footer-sml-layout":"","theme-transparent-header-meta":"","adv-header-id-meta":"","stick-header-meta":"","header-above-stick-meta":"","header-main-stick-meta":"","header-below-stick-meta":"","astra-migrate-meta-layouts":"default","ast-page-background-enabled":"default","ast-page-background-meta":{"desktop":{"background-color":"","background-image":"","background-repeat":"repeat","background-position":"center center","background-size":"auto","background-attachment":"scroll","background-type":"","background-media":"","overlay-type":"","overlay-color":"","overlay-opacity":"","overlay-gradient":""},"tablet":{"background-color":"","background-image":"","background-repeat":"repeat","background-position":"center center","background-size":"auto","background-attachment":"scroll","background-type":"","background-media":"","overlay-type":"","overlay-color":"","overlay-opacity":"","overlay-gradient":""},"mobile":{"background-color":"","background-image":"","background-repeat":"repeat","background-position":"center center","background-size":"auto","background-attachment":"scroll","background-type":"","background-media":"","overlay-type":"","overlay-color":"","overlay-opacity":"","overlay-gradient":""}},"ast-content-background-meta":{"desktop":{"background-color":"var(--ast-global-color-5)","background-image":"","background-repeat":"repeat","background-position":"center center","background-size":"auto","background-attachment":"scroll","background-type":"","background-media":"","overlay-type":"","overlay-color":"","overlay-opacity":"","overlay-gradient":""},"tablet":{"background-color":"var(--ast-global-color-5)","background-image":"","background-repeat":"repeat","background-position":"center center","background-size":"auto","background-attachment":"scroll","background-type":"","background-media":"","overlay-type":"","overlay-color":"","overlay-opacity":"","overlay-gradient":""},"mobile":{"background-color":"var(--ast-global-color-5)","background-image":"","background-repeat":"repeat","background-position":"center center","background-size":"auto","background-attachment":"scroll","background-type":"","background-media":"","overlay-type":"","overlay-color":"","overlay-opacity":"","overlay-gradient":""}},"footnotes":""},"class_list":["post-2528","page","type-page","status-publish","hentry"],"_links":{"self":[{"href":"https:\/\/hoggarshop.com\/ar\/wp-json\/wp\/v2\/pages\/2528","targetHints":{"allow":["GET"]}}],"collection":[{"href":"https:\/\/hoggarshop.com\/ar\/wp-json\/wp\/v2\/pages"}],"about":[{"href":"https:\/\/hoggarshop.com\/ar\/wp-json\/wp\/v2\/types\/page"}],"author":[{"embeddable":true,"href":"https:\/\/hoggarshop.com\/ar\/wp-json\/wp\/v2\/users\/1"}],"replies":[{"embeddable":true,"href":"https:\/\/hoggarshop.com\/ar\/wp-json\/wp\/v2\/comments?post=2528"}],"version-history":[{"count":8,"href":"https:\/\/hoggarshop.com\/ar\/wp-json\/wp\/v2\/pages\/2528\/revisions"}],"predecessor-version":[{"id":2843,"href":"https:\/\/hoggarshop.com\/ar\/wp-json\/wp\/v2\/pages\/2528\/revisions\/2843"}],"wp:attachment":[{"href":"https:\/\/hoggarshop.com\/ar\/wp-json\/wp\/v2\/media?parent=2528"}],"curies":[{"name":"wp","href":"https:\/\/api.w.org\/{rel}","templated":true}]}}